{"id":11940,"date":"2017-03-22T21:57:09","date_gmt":"2017-03-22T21:57:09","guid":{"rendered":"https:\/\/vps26188.inmotionhosting.com\/~mymedi17\/?page_id=11940"},"modified":"2017-06-30T19:54:12","modified_gmt":"2017-06-30T19:54:12","slug":"faqs","status":"publish","type":"page","link":"https:\/\/www.mymediabox.com\/es\/faqs\/","title":{"rendered":"Preguntas frecuentes"},"content":{"rendered":"<div class=\"fusion-fullwidth fullwidth-box fusion-builder-row-1 fusion-flex-container hundred-percent-fullwidth non-hundred-percent-height-scrolling\" style=\"--awb-border-radius-top-left:0px;--awb-border-radius-top-right:0px;--awb-border-radius-bottom-right:0px;--awb-border-radius-bottom-left:0px;--awb-overflow:visible;\" ><div class=\"fusion-builder-row fusion-row fusion-flex-align-items-flex-start\" style=\"width:calc( 100% + 0px ) !important;max-width:calc( 100% + 0px ) !important;margin-left: calc(-0px \/ 2 );margin-right: calc(-0px \/ 2 );\"><div class=\"fusion-layout-column fusion_builder_column fusion-builder-column-0 fusion_builder_column_1_1 1_1 fusion-flex-column\" style=\"--awb-bg-size:cover;--awb-width-large:100%;--awb-margin-top-large:0px;--awb-spacing-right-large:0px;--awb-margin-bottom-large:20px;--awb-spacing-left-large:0px;--awb-width-medium:100%;--awb-spacing-right-medium:0px;--awb-spacing-left-medium:0px;--awb-width-small:100%;--awb-spacing-right-small:0px;--awb-spacing-left-small:0px;\"><div class=\"fusion-column-wrapper fusion-flex-justify-content-flex-start fusion-content-layout-column\"><style type=\"text\/css\">.fusion-faqs-wrapper #accordian-1 .fusion-panel { border-color:#e0dede; }.fusion-faqs-wrapper #accordian-1 .fusion-panel:hover{ border-color: #e0dede; }.fusion-accordian #accordian-1 .panel-title a .fa-fusion-box:before{ font-size: 13px;width: 13px;}.fusion-accordian #accordian-1 .panel-title a .fa-fusion-box{ color: #ffffff;}.fusion-accordian  #accordian-1 .panel-title a{font-family:\"Open Sans\";font-style:normal;font-weight:400;}.fusion-accordian  #accordian-1 .panel-title a:not(:hover){}.fusion-accordian  #accordian-1 .toggle-content{font-family:\"Open Sans\";font-style:normal;font-weight:400;}.fusion-accordian #accordian-1 .fa-fusion-box { background-color: #333333;border-color: #333333;}.fusion-accordian #accordian-1 .panel-title a:hover,.fusion-accordian #accordian-1 .panel-title a.hover { color: #2821a5;}.fusion-faq-shortcode .fusion-accordian #accordian-1 .fusion-toggle-boxed-mode:hover .panel-title a { color: #2821a5;}.fusion-accordian #accordian-1 .panel-title .active .fa-fusion-box,.fusion-accordian #accordian-1 .panel-title a:hover .fa-fusion-box,.fusion-accordian #accordian-1 .panel-title a.hover .fa-fusion-box { background-color: #2821a5!important;border-color: #2821a5!important;}<\/style><div class=\"fusion-faq-shortcode\" style=\"\"><ul role=\"menu\" class=\"fusion-filters clearfix\"><li role=\"presentation\" class=\"fusion-filter fusion-filter-all fusion-active\"><a role=\"menuitem\" data-filter=\"*\" href=\"#\">Todo<\/a><\/li><li role=\"presentation\" class=\"fusion-filter fusion-hidden\"><a role=\"menuitem\" data-filter=\".demo\" href=\"#\">Demo<\/a><\/li><li role=\"presentation\" class=\"fusion-filter fusion-hidden\"><a role=\"menuitem\" data-filter=\".general\" href=\"#\">General<\/a><\/li><li role=\"presentation\" class=\"fusion-filter fusion-hidden\"><a role=\"menuitem\" data-filter=\".service\" href=\"#\">Servicio<\/a><\/li><li role=\"presentation\" class=\"fusion-filter fusion-hidden\"><a role=\"menuitem\" data-filter=\".solutions\" href=\"#\">Soluciones<\/a><\/li><li role=\"presentation\" class=\"fusion-filter fusion-hidden\"><a role=\"menuitem\" data-filter=\".support\" href=\"#\">Apoyo<\/a><\/li><\/ul><div class=\"fusion-faqs-wrapper\"><div class=\"accordian fusion-accordian\"><div class=\"panel-group\" id=\"accordian-1\"><div class=\"fusion-panel panel-default fusion-faq-post fusion-faq-post-17897 general service solutions support\"><span class=\"entry-title rich-snippet-hidden\">\u00bfOfrece formaci\u00f3n a los usuarios de Mediabox?<\/span><span class=\"vcard rich-snippet-hidden\"><span class=\"fn\"><a href=\"https:\/\/www.mymediabox.com\/es\/author\/nicole\/\" title=\"Entradas de Nicole Bridgham\" rel=\"author\">Nicole Bridgham<\/a><\/span><\/span><span class=\"updated rich-snippet-hidden\">2020-07-15T20:48:48+00:00<\/span><div class=\"panel-heading\"><h4 id=\"faq_1-17897\" class=\"panel-title toggle\"><a data-toggle=\"collapse\" class=\"collapsed\" data-parent=\"#accordian-1\" data-target=\"#collapse-1-17897\" href=\"#collapse-1-17897\" aria-expanded=\"false\"><div class=\"fusion-toggle-icon-wrapper\"><div class=\"fusion-toggle-icon-wrapper-main\"><div class=\"fusion-toggle-icon-wrapper-sub\"><i class=\"fa-fusion-box active-icon awb-icon-minus\" aria-hidden=\"true\"><\/i><i class=\"fa-fusion-box inactive-icon awb-icon-plus\" aria-hidden=\"true\"><\/i><\/div><\/div><\/div><div class=\"fusion-toggle-heading\">\u00bfOfrece formaci\u00f3n a los usuarios de Mediabox?<\/div><\/a><\/h4><\/div><div id=\"collapse-1-17897\" aria-labelledby=\"faq_1-17897\" class=\"panel-collapse collapse\"><div class=\"panel-body toggle-content post-content\"><p><span style=\"font-weight: 400;\">MyMediabox est\u00e1 fuertemente comprometida con la formaci\u00f3n de nuestros clientes y sus usuarios finales para obtener el m\u00e1ximo valor del software en el que han invertido. Creemos que la formaci\u00f3n de sus usuarios es una de las partes m\u00e1s importantes de su proceso de incorporaci\u00f3n de Mediabox, y ofrecemos un robusto programa de formaci\u00f3n que consiste en<\/span><span style=\"font-weight: 400;\"> m\u00faltiples cursos para cada producto, basados en los roles de cada usuario.\u00a0<\/span><\/p>\n<p><span style=\"font-weight: 400;\">Por favor, contacta con el administrador de tu cuenta de Mediabox para discutir las opciones de entrenamiento para ti y tu equipo.<\/span><\/p>\n<\/div><\/div><\/div><div class=\"fusion-panel panel-default fusion-faq-post fusion-faq-post-11938 demo\"><span class=\"entry-title rich-snippet-hidden\">\u00bfC\u00f3mo puedo obtener m\u00e1s informaci\u00f3n o ver una demostraci\u00f3n en l\u00ednea?<\/span><span class=\"vcard rich-snippet-hidden\"><span class=\"fn\"><a href=\"https:\/\/www.mymediabox.com\/es\/author\/linda\/\" title=\"Entradas de Linda Hironaka\" rel=\"author\">Linda Hironaka<\/a><\/span><\/span><span class=\"updated rich-snippet-hidden\">2017-03-21T04:46:00+00:00<\/span><div class=\"panel-heading\"><h4 id=\"faq_1-11938\" class=\"panel-title toggle\"><a data-toggle=\"collapse\" class=\"collapsed\" data-parent=\"#accordian-1\" data-target=\"#collapse-1-11938\" href=\"#collapse-1-11938\" aria-expanded=\"false\"><div class=\"fusion-toggle-icon-wrapper\"><div class=\"fusion-toggle-icon-wrapper-main\"><div class=\"fusion-toggle-icon-wrapper-sub\"><i class=\"fa-fusion-box active-icon awb-icon-minus\" aria-hidden=\"true\"><\/i><i class=\"fa-fusion-box inactive-icon awb-icon-plus\" aria-hidden=\"true\"><\/i><\/div><\/div><\/div><div class=\"fusion-toggle-heading\">\u00bfC\u00f3mo puedo obtener m\u00e1s informaci\u00f3n o ver una demostraci\u00f3n en l\u00ednea?<\/div><\/a><\/h4><\/div><div id=\"collapse-1-11938\" aria-labelledby=\"faq_1-11938\" class=\"panel-collapse collapse\"><div class=\"panel-body toggle-content post-content\"><p>Para ver una demostraci\u00f3n en l\u00ednea o para recibir m\u00e1s informaci\u00f3n sobre Mediabox y sus aplicaciones alojadas, por favor env\u00ede un correo electr\u00f3nico: <a href=\"mailto: marketing@mymediabox.com\">marketing@mymediabox.com<\/a> <\/p>\n<\/div><\/div><\/div><div class=\"fusion-panel panel-default fusion-faq-post fusion-faq-post-1881 general service solutions support\"><span class=\"entry-title rich-snippet-hidden\">\u00bfTiene soporte t\u00e9cnico o un servicio de ayuda disponible?<\/span><span class=\"vcard rich-snippet-hidden\"><span class=\"fn\"><a href=\"https:\/\/www.mymediabox.com\/es\/author\/linda\/\" title=\"Entradas de Linda Hironaka\" rel=\"author\">Linda Hironaka<\/a><\/span><\/span><span class=\"updated rich-snippet-hidden\">2017-12-27T21:04:46+00:00<\/span><div class=\"panel-heading\"><h4 id=\"faq_1-1881\" class=\"panel-title toggle\"><a data-toggle=\"collapse\" class=\"collapsed\" data-parent=\"#accordian-1\" data-target=\"#collapse-1-1881\" href=\"#collapse-1-1881\" aria-expanded=\"false\"><div class=\"fusion-toggle-icon-wrapper\"><div class=\"fusion-toggle-icon-wrapper-main\"><div class=\"fusion-toggle-icon-wrapper-sub\"><i class=\"fa-fusion-box active-icon awb-icon-minus\" aria-hidden=\"true\"><\/i><i class=\"fa-fusion-box inactive-icon awb-icon-plus\" aria-hidden=\"true\"><\/i><\/div><\/div><\/div><div class=\"fusion-toggle-heading\">\u00bfTiene soporte t\u00e9cnico o un servicio de ayuda disponible?<\/div><\/a><\/h4><\/div><div id=\"collapse-1-1881\" aria-labelledby=\"faq_1-1881\" class=\"panel-collapse collapse\"><div class=\"panel-body toggle-content post-content\"><p>El soporte t\u00e9cnico est\u00e1 disponible de lunes a viernes de 7:30AM 7:30PM EST<br \/>\nPara contactar con el servicio de atenci\u00f3n al cliente llame al 1.513.263.9910 o env\u00ede un correo electr\u00f3nico: <a href=\"mailto:support@mymediabox.com\">support@mymediabox.com<\/a><\/p>\n<\/div><\/div><\/div><div class=\"fusion-panel panel-default fusion-faq-post fusion-faq-post-1880 general support\"><span class=\"entry-title rich-snippet-hidden\">\u00bfOfrece actualizaciones del sistema?<\/span><span class=\"vcard rich-snippet-hidden\"><span class=\"fn\"><a href=\"https:\/\/www.mymediabox.com\/es\/author\/linda\/\" title=\"Entradas de Linda Hironaka\" rel=\"author\">Linda Hironaka<\/a><\/span><\/span><span class=\"updated rich-snippet-hidden\">2017-03-21T04:40:18+00:00<\/span><div class=\"panel-heading\"><h4 id=\"faq_1-1880\" class=\"panel-title toggle\"><a data-toggle=\"collapse\" class=\"collapsed\" data-parent=\"#accordian-1\" data-target=\"#collapse-1-1880\" href=\"#collapse-1-1880\" aria-expanded=\"false\"><div class=\"fusion-toggle-icon-wrapper\"><div class=\"fusion-toggle-icon-wrapper-main\"><div class=\"fusion-toggle-icon-wrapper-sub\"><i class=\"fa-fusion-box active-icon awb-icon-minus\" aria-hidden=\"true\"><\/i><i class=\"fa-fusion-box inactive-icon awb-icon-plus\" aria-hidden=\"true\"><\/i><\/div><\/div><\/div><div class=\"fusion-toggle-heading\">\u00bfOfrece actualizaciones del sistema?<\/div><\/a><\/h4><\/div><div id=\"collapse-1-1880\" aria-labelledby=\"faq_1-1880\" class=\"panel-collapse collapse\"><div class=\"panel-body toggle-content post-content\"><p>Las actualizaciones de los sistemas se hacen una vez por trimestre sin costo adicional para nuestros clientes. Agradecemos los comentarios y sugerencias de los clientes.<\/p>\n<\/div><\/div><\/div><div class=\"fusion-panel panel-default fusion-faq-post fusion-faq-post-1879 support\"><span class=\"entry-title rich-snippet-hidden\">\u00bfPuedo asignar funciones a diferentes personas de mi organizaci\u00f3n?<\/span><span class=\"vcard rich-snippet-hidden\"><span class=\"fn\"><a href=\"https:\/\/www.mymediabox.com\/es\/author\/linda\/\" title=\"Entradas de Linda Hironaka\" rel=\"author\">Linda Hironaka<\/a><\/span><\/span><span class=\"updated rich-snippet-hidden\">2017-03-21T04:42:08+00:00<\/span><div class=\"panel-heading\"><h4 id=\"faq_1-1879\" class=\"panel-title toggle\"><a data-toggle=\"collapse\" class=\"collapsed\" data-parent=\"#accordian-1\" data-target=\"#collapse-1-1879\" href=\"#collapse-1-1879\" aria-expanded=\"false\"><div class=\"fusion-toggle-icon-wrapper\"><div class=\"fusion-toggle-icon-wrapper-main\"><div class=\"fusion-toggle-icon-wrapper-sub\"><i class=\"fa-fusion-box active-icon awb-icon-minus\" aria-hidden=\"true\"><\/i><i class=\"fa-fusion-box inactive-icon awb-icon-plus\" aria-hidden=\"true\"><\/i><\/div><\/div><\/div><div class=\"fusion-toggle-heading\">\u00bfPuedo asignar funciones a diferentes personas de mi organizaci\u00f3n?<\/div><\/a><\/h4><\/div><div id=\"collapse-1-1879\" aria-labelledby=\"faq_1-1879\" class=\"panel-collapse collapse\"><div class=\"panel-body toggle-content post-content\"><p>Hay una serie de funciones diferentes con las que cada usuario puede asociarse dentro del \u00e1rea de administraci\u00f3n de cada sitio. Cada funci\u00f3n proporciona a ese usuario un acceso y una funcionalidad \u00fanicos.<\/p>\n<\/div><\/div><\/div><div class=\"fusion-panel panel-default fusion-faq-post fusion-faq-post-1878 general\"><span class=\"entry-title rich-snippet-hidden\">\u00bfC\u00f3mo pueden estos sistemas ahorrar dinero y aumentar la productividad?<\/span><span class=\"vcard rich-snippet-hidden\"><span class=\"fn\"><a href=\"https:\/\/www.mymediabox.com\/es\/author\/linda\/\" title=\"Entradas de Linda Hironaka\" rel=\"author\">Linda Hironaka<\/a><\/span><\/span><span class=\"updated rich-snippet-hidden\">2017-03-21T04:43:04+00:00<\/span><div class=\"panel-heading\"><h4 id=\"faq_1-1878\" class=\"panel-title toggle\"><a data-toggle=\"collapse\" class=\"collapsed\" data-parent=\"#accordian-1\" data-target=\"#collapse-1-1878\" href=\"#collapse-1-1878\" aria-expanded=\"false\"><div class=\"fusion-toggle-icon-wrapper\"><div class=\"fusion-toggle-icon-wrapper-main\"><div class=\"fusion-toggle-icon-wrapper-sub\"><i class=\"fa-fusion-box active-icon awb-icon-minus\" aria-hidden=\"true\"><\/i><i class=\"fa-fusion-box inactive-icon awb-icon-plus\" aria-hidden=\"true\"><\/i><\/div><\/div><\/div><div class=\"fusion-toggle-heading\">\u00bfC\u00f3mo pueden estos sistemas ahorrar dinero y aumentar la productividad?<\/div><\/a><\/h4><\/div><div id=\"collapse-1-1878\" aria-labelledby=\"faq_1-1878\" class=\"panel-collapse collapse\"><div class=\"panel-body toggle-content post-content\"><p>Las aplicaciones alojadas como Mediabox-PA y Mediabox-DAM ahorran dinero y aumentan la productividad al reducir la mano de obra, el tiempo de inactividad, el env\u00edo y los gastos generales de duplicaci\u00f3n. Mediabox proporciona a su personal un acceso m\u00e1s r\u00e1pido, centralizado y en l\u00ednea a su biblioteca digital y le permite gestionar sus solicitudes de aprobaci\u00f3n en menos tiempo.<\/p>\n<\/div><\/div><\/div><div class=\"fusion-panel panel-default fusion-faq-post fusion-faq-post-1877 solutions\"><span class=\"entry-title rich-snippet-hidden\">\u00bfQu\u00e9 es un sistema de gesti\u00f3n de activos digitales en l\u00ednea?<\/span><span class=\"vcard rich-snippet-hidden\"><span class=\"fn\"><a href=\"https:\/\/www.mymediabox.com\/es\/author\/linda\/\" title=\"Entradas de Linda Hironaka\" rel=\"author\">Linda Hironaka<\/a><\/span><\/span><span class=\"updated rich-snippet-hidden\">2017-03-21T04:43:54+00:00<\/span><div class=\"panel-heading\"><h4 id=\"faq_1-1877\" class=\"panel-title toggle\"><a data-toggle=\"collapse\" class=\"collapsed\" data-parent=\"#accordian-1\" data-target=\"#collapse-1-1877\" href=\"#collapse-1-1877\" aria-expanded=\"false\"><div class=\"fusion-toggle-icon-wrapper\"><div class=\"fusion-toggle-icon-wrapper-main\"><div class=\"fusion-toggle-icon-wrapper-sub\"><i class=\"fa-fusion-box active-icon awb-icon-minus\" aria-hidden=\"true\"><\/i><i class=\"fa-fusion-box inactive-icon awb-icon-plus\" aria-hidden=\"true\"><\/i><\/div><\/div><\/div><div class=\"fusion-toggle-heading\">\u00bfQu\u00e9 es un sistema de gesti\u00f3n de activos digitales en l\u00ednea?<\/div><\/a><\/h4><\/div><div id=\"collapse-1-1877\" aria-labelledby=\"faq_1-1877\" class=\"panel-collapse collapse\"><div class=\"panel-body toggle-content post-content\"><p>La funcionalidad de la clave Mediabox-DAM incluye la posibilidad de controlar los derechos de acceso a carpetas de contenido espec\u00edfico dentro del \u00e1rbol de carpetas, el control de los derechos de acceso por activo, el aliasing de activos para permitir que un activo aparezca en m\u00faltiples ubicaciones desde un \u00fanico archivo de origen, la adici\u00f3n de hasta 100 campos de metadatos \u00fanicos por activo, el control de la visualizaci\u00f3n de activos y carpetas por rangos de datos, la creaci\u00f3n de m\u00faltiples listas de activos, la b\u00fasqueda compleja, el soporte de v\u00eddeo, audio, archivos de imagen, documentos, etc.<\/p>\n<\/div><\/div><\/div><div class=\"fusion-panel panel-default fusion-faq-post fusion-faq-post-1876 solutions\"><span class=\"entry-title rich-snippet-hidden\">\u00bfQu\u00e9 es un sistema de aprobaci\u00f3n de productos en l\u00ednea?<\/span><span class=\"vcard rich-snippet-hidden\"><span class=\"fn\"><a href=\"https:\/\/www.mymediabox.com\/es\/author\/linda\/\" title=\"Entradas de Linda Hironaka\" rel=\"author\">Linda Hironaka<\/a><\/span><\/span><span class=\"updated rich-snippet-hidden\">2017-03-21T04:44:44+00:00<\/span><div class=\"panel-heading\"><h4 id=\"faq_1-1876\" class=\"panel-title toggle\"><a data-toggle=\"collapse\" class=\"collapsed\" data-parent=\"#accordian-1\" data-target=\"#collapse-1-1876\" href=\"#collapse-1-1876\" aria-expanded=\"false\"><div class=\"fusion-toggle-icon-wrapper\"><div class=\"fusion-toggle-icon-wrapper-main\"><div class=\"fusion-toggle-icon-wrapper-sub\"><i class=\"fa-fusion-box active-icon awb-icon-minus\" aria-hidden=\"true\"><\/i><i class=\"fa-fusion-box inactive-icon awb-icon-plus\" aria-hidden=\"true\"><\/i><\/div><\/div><\/div><div class=\"fusion-toggle-heading\">\u00bfQu\u00e9 es un sistema de aprobaci\u00f3n de productos en l\u00ednea?<\/div><\/a><\/h4><\/div><div id=\"collapse-1-1876\" aria-labelledby=\"faq_1-1876\" class=\"panel-collapse collapse\"><div class=\"panel-body toggle-content post-content\"><p>Mediabox-PA es una aplicaci\u00f3n de flujo de trabajo de aprobaciones alojada que permite a los usuarios enviar todos los archivos de dise\u00f1o de sus productos.  La aplicaci\u00f3n permite a su personal interno revisar el trabajo art\u00edstico en l\u00ednea y adjuntar comentarios en l\u00ednea con cada archivo de trabajo art\u00edstico, y gestionar el orden del flujo de trabajo de proyectos y env\u00edos entre sus clientes, personal y socios.  Sus usuarios tambi\u00e9n utilizan el sistema para iniciar sesi\u00f3n y revisar los comentarios y enviar dise\u00f1os de productos nuevos o de pr\u00f3xima etapa.<\/p>\n<\/div><\/div><\/div><\/div><\/div><\/div><\/div><\/div><\/div><\/div><\/div>","protected":false},"excerpt":{"rendered":"","protected":false},"author":1,"featured_media":0,"parent":0,"menu_order":0,"comment_status":"closed","ping_status":"closed","template":"","meta":{"footnotes":""},"class_list":["post-11940","page","type-page","status-publish","hentry"],"yoast_head":"<!-- This site is optimized with the Yoast SEO Premium plugin v20.11 (Yoast SEO v27.3) - https:\/\/yoast.com\/product\/yoast-seo-premium-wordpress\/ -->\n<title>FAQ&#039;s &#8211; MyMediabox<\/title>\n<meta name=\"description\" content=\"Learn about MyMediabox solutions, services, support and more. Like to request a live demo? Visit this page or call us at +1 678-685-8282.\" \/>\n<meta name=\"robots\" content=\"index, follow, max-snippet:-1, max-image-preview:large, max-video-preview:-1\" \/>\n<link rel=\"canonical\" href=\"https:\/\/www.mymediabox.com\/es\/faqs\/\" \/>\n<meta property=\"og:locale\" content=\"es_ES\" \/>\n<meta property=\"og:type\" content=\"article\" \/>\n<meta property=\"og:title\" content=\"FAQ&#039;s\" \/>\n<meta property=\"og:description\" content=\"Learn about MyMediabox solutions, services, support and more. Like to request a live demo? Visit this page or call us at +1 678-685-8282.\" \/>\n<meta property=\"og:url\" content=\"https:\/\/www.mymediabox.com\/es\/faqs\/\" \/>\n<meta property=\"og:site_name\" content=\"MyMediabox\" \/>\n<meta property=\"article:publisher\" content=\"http:\/\/www.facebook.com\/mymediabox?ref=sgm\" \/>\n<meta property=\"article:modified_time\" content=\"2017-06-30T19:54:12+00:00\" \/>\n<meta name=\"twitter:card\" content=\"summary_large_image\" \/>\n<meta name=\"twitter:site\" content=\"@MyMediabox\" \/>\n<script type=\"application\/ld+json\" class=\"yoast-schema-graph\">{\"@context\":\"https:\\\/\\\/schema.org\",\"@graph\":[{\"@type\":\"WebPage\",\"@id\":\"https:\\\/\\\/www.mymediabox.com\\\/es\\\/faqs\\\/\",\"url\":\"https:\\\/\\\/www.mymediabox.com\\\/es\\\/faqs\\\/\",\"name\":\"FAQ's &#8211; MyMediabox\",\"isPartOf\":{\"@id\":\"https:\\\/\\\/www.mymediabox.com\\\/#website\"},\"datePublished\":\"2017-03-22T21:57:09+00:00\",\"dateModified\":\"2017-06-30T19:54:12+00:00\",\"description\":\"Learn about MyMediabox solutions, services, support and more. Like to request a live demo? Visit this page or call us at +1 678-685-8282.\",\"breadcrumb\":{\"@id\":\"https:\\\/\\\/www.mymediabox.com\\\/es\\\/faqs\\\/#breadcrumb\"},\"inLanguage\":\"es\",\"potentialAction\":[{\"@type\":\"ReadAction\",\"target\":[\"https:\\\/\\\/www.mymediabox.com\\\/es\\\/faqs\\\/\"]}]},{\"@type\":\"BreadcrumbList\",\"@id\":\"https:\\\/\\\/www.mymediabox.com\\\/es\\\/faqs\\\/#breadcrumb\",\"itemListElement\":[{\"@type\":\"ListItem\",\"position\":1,\"name\":\"Home\",\"item\":\"https:\\\/\\\/www.mymediabox.com\\\/\"},{\"@type\":\"ListItem\",\"position\":2,\"name\":\"FAQ&#8217;s\"}]},{\"@type\":\"WebSite\",\"@id\":\"https:\\\/\\\/www.mymediabox.com\\\/#website\",\"url\":\"https:\\\/\\\/www.mymediabox.com\\\/\",\"name\":\"MyMediabox\",\"description\":\"Online Solutions for Product Approvals, Brand Assurance and Digital Asset Management\",\"publisher\":{\"@id\":\"https:\\\/\\\/www.mymediabox.com\\\/#organization\"},\"potentialAction\":[{\"@type\":\"SearchAction\",\"target\":{\"@type\":\"EntryPoint\",\"urlTemplate\":\"https:\\\/\\\/www.mymediabox.com\\\/?s={search_term_string}\"},\"query-input\":{\"@type\":\"PropertyValueSpecification\",\"valueRequired\":true,\"valueName\":\"search_term_string\"}}],\"inLanguage\":\"es\"},{\"@type\":\"Organization\",\"@id\":\"https:\\\/\\\/www.mymediabox.com\\\/#organization\",\"name\":\"MyMediabox\",\"url\":\"https:\\\/\\\/www.mymediabox.com\\\/\",\"logo\":{\"@type\":\"ImageObject\",\"inLanguage\":\"es\",\"@id\":\"https:\\\/\\\/www.mymediabox.com\\\/#\\\/schema\\\/logo\\\/image\\\/\",\"url\":\"https:\\\/\\\/www.mymediabox.com\\\/wp-content\\\/uploads\\\/2017\\\/03\\\/mymediabox_logo.png\",\"contentUrl\":\"https:\\\/\\\/www.mymediabox.com\\\/wp-content\\\/uploads\\\/2017\\\/03\\\/mymediabox_logo.png\",\"width\":230,\"height\":75,\"caption\":\"MyMediabox\"},\"image\":{\"@id\":\"https:\\\/\\\/www.mymediabox.com\\\/#\\\/schema\\\/logo\\\/image\\\/\"},\"sameAs\":[\"http:\\\/\\\/www.facebook.com\\\/mymediabox?ref=sgm\",\"https:\\\/\\\/x.com\\\/MyMediabox\",\"http:\\\/\\\/www.linkedin.com\\\/company\\\/1847290?trk=tyah\"]}]}<\/script>\n<!-- \/ Yoast SEO Premium plugin. -->","yoast_head_json":{"title":"FAQ's &#8211; MyMediabox","description":"Learn about MyMediabox solutions, services, support and more. Like to request a live demo? Visit this page or call us at +1 678-685-8282.","robots":{"index":"index","follow":"follow","max-snippet":"max-snippet:-1","max-image-preview":"max-image-preview:large","max-video-preview":"max-video-preview:-1"},"canonical":"https:\/\/www.mymediabox.com\/es\/faqs\/","og_locale":"es_ES","og_type":"article","og_title":"FAQ's","og_description":"Learn about MyMediabox solutions, services, support and more. Like to request a live demo? Visit this page or call us at +1 678-685-8282.","og_url":"https:\/\/www.mymediabox.com\/es\/faqs\/","og_site_name":"MyMediabox","article_publisher":"http:\/\/www.facebook.com\/mymediabox?ref=sgm","article_modified_time":"2017-06-30T19:54:12+00:00","twitter_card":"summary_large_image","twitter_site":"@MyMediabox","schema":{"@context":"https:\/\/schema.org","@graph":[{"@type":"WebPage","@id":"https:\/\/www.mymediabox.com\/es\/faqs\/","url":"https:\/\/www.mymediabox.com\/es\/faqs\/","name":"FAQ's &#8211; MyMediabox","isPartOf":{"@id":"https:\/\/www.mymediabox.com\/#website"},"datePublished":"2017-03-22T21:57:09+00:00","dateModified":"2017-06-30T19:54:12+00:00","description":"Learn about MyMediabox solutions, services, support and more. Like to request a live demo? Visit this page or call us at +1 678-685-8282.","breadcrumb":{"@id":"https:\/\/www.mymediabox.com\/es\/faqs\/#breadcrumb"},"inLanguage":"es","potentialAction":[{"@type":"ReadAction","target":["https:\/\/www.mymediabox.com\/es\/faqs\/"]}]},{"@type":"BreadcrumbList","@id":"https:\/\/www.mymediabox.com\/es\/faqs\/#breadcrumb","itemListElement":[{"@type":"ListItem","position":1,"name":"Home","item":"https:\/\/www.mymediabox.com\/"},{"@type":"ListItem","position":2,"name":"FAQ&#8217;s"}]},{"@type":"WebSite","@id":"https:\/\/www.mymediabox.com\/#website","url":"https:\/\/www.mymediabox.com\/","name":"MyMediabox","description":"Soluciones en l\u00ednea para la aprobaci\u00f3n de productos, la garant\u00eda de marcas y la gesti\u00f3n de activos digitales","publisher":{"@id":"https:\/\/www.mymediabox.com\/#organization"},"potentialAction":[{"@type":"SearchAction","target":{"@type":"EntryPoint","urlTemplate":"https:\/\/www.mymediabox.com\/?s={search_term_string}"},"query-input":{"@type":"PropertyValueSpecification","valueRequired":true,"valueName":"search_term_string"}}],"inLanguage":"es"},{"@type":"Organization","@id":"https:\/\/www.mymediabox.com\/#organization","name":"MyMediabox","url":"https:\/\/www.mymediabox.com\/","logo":{"@type":"ImageObject","inLanguage":"es","@id":"https:\/\/www.mymediabox.com\/#\/schema\/logo\/image\/","url":"https:\/\/www.mymediabox.com\/wp-content\/uploads\/2017\/03\/mymediabox_logo.png","contentUrl":"https:\/\/www.mymediabox.com\/wp-content\/uploads\/2017\/03\/mymediabox_logo.png","width":230,"height":75,"caption":"MyMediabox"},"image":{"@id":"https:\/\/www.mymediabox.com\/#\/schema\/logo\/image\/"},"sameAs":["http:\/\/www.facebook.com\/mymediabox?ref=sgm","https:\/\/x.com\/MyMediabox","http:\/\/www.linkedin.com\/company\/1847290?trk=tyah"]}]}},"_links":{"self":[{"href":"https:\/\/www.mymediabox.com\/es\/wp-json\/wp\/v2\/pages\/11940","targetHints":{"allow":["GET"]}}],"collection":[{"href":"https:\/\/www.mymediabox.com\/es\/wp-json\/wp\/v2\/pages"}],"about":[{"href":"https:\/\/www.mymediabox.com\/es\/wp-json\/wp\/v2\/types\/page"}],"author":[{"embeddable":true,"href":"https:\/\/www.mymediabox.com\/es\/wp-json\/wp\/v2\/users\/1"}],"replies":[{"embeddable":true,"href":"https:\/\/www.mymediabox.com\/es\/wp-json\/wp\/v2\/comments?post=11940"}],"version-history":[{"count":0,"href":"https:\/\/www.mymediabox.com\/es\/wp-json\/wp\/v2\/pages\/11940\/revisions"}],"wp:attachment":[{"href":"https:\/\/www.mymediabox.com\/es\/wp-json\/wp\/v2\/media?parent=11940"}],"curies":[{"name":"wp","href":"https:\/\/api.w.org\/{rel}","templated":true}]}}