{"id":12182,"date":"2017-03-27T17:44:07","date_gmt":"2017-03-27T17:44:07","guid":{"rendered":"https:\/\/vps26188.inmotionhosting.com\/~mymedi17\/?page_id=12182"},"modified":"2026-01-07T12:00:00","modified_gmt":"2026-01-07T12:00:00","slug":"contact-us","status":"publish","type":"page","link":"https:\/\/www.mymediabox.com\/es\/contact-us\/","title":{"rendered":"Cont\u00e1ctenos"},"content":{"rendered":"<div class=\"fusion-fullwidth fullwidth-box fusion-builder-row-1 fusion-flex-container nonhundred-percent-fullwidth non-hundred-percent-height-scrolling\" style=\"--awb-border-radius-top-left:0px;--awb-border-radius-top-right:0px;--awb-border-radius-bottom-right:0px;--awb-border-radius-bottom-left:0px;\" ><div class=\"fusion-builder-row fusion-row fusion-flex-align-items-flex-start\" style=\"max-width:1144px;margin-left: calc(-4% \/ 2 );margin-right: calc(-4% \/ 2 );\"><div class=\"fusion-layout-column fusion_builder_column fusion-builder-column-0 fusion_builder_column_1_1 1_1 fusion-flex-column\" style=\"--awb-bg-size:cover;--awb-width-large:100%;--awb-margin-top-large:0px;--awb-spacing-right-large:1.92%;--awb-margin-bottom-large:20px;--awb-spacing-left-large:1.92%;--awb-width-medium:100%;--awb-spacing-right-medium:1.92%;--awb-spacing-left-medium:1.92%;--awb-width-small:100%;--awb-spacing-right-small:1.92%;--awb-spacing-left-small:1.92%;\"><div class=\"fusion-column-wrapper fusion-column-has-shadow fusion-flex-justify-content-flex-start fusion-content-layout-column\"><div class=\"fusion-image-element\" style=\"text-align:center;--awb-caption-title-font-family:var(--h2_typography-font-family);--awb-caption-title-font-weight:var(--h2_typography-font-weight);--awb-caption-title-font-style:var(--h2_typography-font-style);--awb-caption-title-size:var(--h2_typography-font-size);--awb-caption-title-transform:var(--h2_typography-text-transform);--awb-caption-title-line-height:var(--h2_typography-line-height);--awb-caption-title-letter-spacing:var(--h2_typography-letter-spacing);\"><span class=\"fusion-imageframe imageframe-none imageframe-1 hover-type-none\"><img decoding=\"async\" width=\"700\" height=\"253\" title=\"hola_4\" data-src=\"https:\/\/mymediaboxstag.wpengine.com\/wp-content\/uploads\/2021\/07\/hello_4.png\" alt class=\"img-responsive wp-image-18951 lazyload\" data-srcset=\"https:\/\/www.mymediabox.com\/wp-content\/uploads\/2021\/07\/hello_4-200x72.png 200w, https:\/\/www.mymediabox.com\/wp-content\/uploads\/2021\/07\/hello_4-400x145.png 400w, https:\/\/www.mymediabox.com\/wp-content\/uploads\/2021\/07\/hello_4-600x217.png 600w, https:\/\/www.mymediabox.com\/wp-content\/uploads\/2021\/07\/hello_4.png 700w\" data-sizes=\"(max-width: 1024px) 100vw, (max-width: 640px) 100vw, 700px\" src=\"data:image\/svg+xml;base64,PHN2ZyB3aWR0aD0iMSIgaGVpZ2h0PSIxIiB4bWxucz0iaHR0cDovL3d3dy53My5vcmcvMjAwMC9zdmciPjwvc3ZnPg==\" style=\"--smush-placeholder-width: 700px; --smush-placeholder-aspect-ratio: 700\/253;\" \/><\/span><\/div><div class=\"fusion-text fusion-text-1\"><h2 style=\"text-align: center; --fontsize: 34; line-height: 1.45; font-size: 35px;\" data-fusion-font=\"true\">Nos encantar\u00eda saber de ti.<\/h2>\n<h2 class=\"fusion-responsive-typography-calculated\" style=\"text-align: center; --fontsize: 22; line-height: 1.5;\" data-fontsize=\"22\" data-lineheight=\"33px\">Ya sea que tenga una pregunta sobre los productos, las caracter\u00edsticas o los precios de Mediabox, que quiera programar una demostraci\u00f3n o cualquier otra cosa, nuestro equipo est\u00e1 listo para responder a todas sus preguntas.<\/h2>\n<\/div><div class=\"fusion-separator fusion-full-width-sep\" style=\"align-self: center;margin-left: auto;margin-right: auto;width:100%;\"><\/div><\/div><\/div><\/div><\/div><div class=\"fusion-fullwidth fullwidth-box fusion-builder-row-2 fusion-flex-container has-pattern-background has-mask-background nonhundred-percent-fullwidth non-hundred-percent-height-scrolling\" style=\"--awb-border-radius-top-left:0px;--awb-border-radius-top-right:0px;--awb-border-radius-bottom-right:0px;--awb-border-radius-bottom-left:0px;--awb-padding-right:20%;\" ><div class=\"fusion-builder-row fusion-row fusion-flex-align-items-flex-start\" style=\"max-width:1144px;margin-left: calc(-4% \/ 2 );margin-right: calc(-4% \/ 2 );\"><div class=\"fusion-layout-column fusion_builder_column fusion-builder-column-1 fusion_builder_column_1_2 1_2 fusion-flex-column\" style=\"--awb-bg-size:cover;--awb-width-large:50%;--awb-margin-top-large:0px;--awb-spacing-right-large:3.84%;--awb-margin-bottom-large:20px;--awb-spacing-left-large:3.84%;--awb-width-medium:100%;--awb-order-medium:0;--awb-spacing-right-medium:1.92%;--awb-spacing-left-medium:1.92%;--awb-width-small:100%;--awb-order-small:0;--awb-spacing-right-small:1.92%;--awb-spacing-left-small:1.92%;\"><div class=\"fusion-column-wrapper fusion-column-has-shadow fusion-flex-justify-content-flex-start fusion-content-layout-column\"><div class=\"fusion-title title fusion-title-1 fusion-title-text fusion-title-size-two\" style=\"--awb-font-size:24px;\"><div class=\"title-sep-container title-sep-container-left fusion-no-large-visibility fusion-no-medium-visibility fusion-no-small-visibility\"><div class=\"title-sep sep-double sep-solid\" style=\"border-color:#e0dede;\"><\/div><\/div><span class=\"awb-title-spacer fusion-no-large-visibility fusion-no-medium-visibility fusion-no-small-visibility\"><\/span><h2 class=\"title-heading-left fusion-responsive-typography-calculated\" style=\"margin:0;font-size:1em;--fontSize:24;line-height:1.5;\">Contacte con el departamento de ventas<\/h2><span class=\"awb-title-spacer\"><\/span><div class=\"title-sep-container title-sep-container-right\"><div class=\"title-sep sep-double sep-solid\" style=\"border-color:#e0dede;\"><\/div><\/div><\/div><div class=\"fusion-text fusion-text-2\" style=\"--awb-text-transform:none;\"><div class=\"salesforce_w2l_lead sf_one_column\"><form id=\"sf_form_salesforce_w2l_lead_12\" class=\"w2llead top-aligned\" method=\"post\" action=\"#sf_form_salesforce_w2l_lead_12\" data-trp-original-action=\"#sf_form_salesforce_w2l_lead_12\"><div class=\"sf_field sf_field_first_name sf_type_text\">\t<label class=\"w2llabel required  text\" for=\"sf_first_name\">Nombre de pila: <sup><span class=\"required\">*<\/span><\/sup><\/label>\t<input type=\"text\" placeholder=\"\" value=\"\" id=\"sf_first_name\" class=\"w2linput text\" name=\"first_name\"  \/><div class=\"clearfix\"><\/div><\/div><div class=\"sf_field sf_field_last_name sf_type_text\">\t<label class=\"w2llabel required  text\" for=\"sf_last_name\">Apellido: <sup><span class=\"required\">*<\/span><\/sup><\/label>\t<input type=\"text\" placeholder=\"\" value=\"\" id=\"sf_last_name\" class=\"w2linput text\" name=\"last_name\"  \/><div class=\"clearfix\"><\/div><\/div><div class=\"sf_field sf_field_email sf_type_text\">\t<label class=\"w2llabel required  text\" for=\"sf_email\">Correo electr\u00f3nico: <sup><span class=\"required\">*<\/span><\/sup><\/label>\t<input type=\"text\" placeholder=\"\" value=\"\" id=\"sf_email\" class=\"w2linput text\" name=\"email\"  \/><div class=\"clearfix\"><\/div><\/div><div class=\"sf_field sf_field_company sf_type_text\">\t<label class=\"w2llabel required  text\" for=\"sf_company\">Compa\u00f1\u00eda: <sup><span class=\"required\">*<\/span><\/sup><\/label>\t<input type=\"text\" placeholder=\"\" value=\"\" id=\"sf_company\" class=\"w2linput text\" name=\"company\"  \/><div class=\"clearfix\"><\/div><\/div><div class=\"sf_field sf_field_phone sf_type_text\">\t<label class=\"w2llabel   text\" for=\"sf_phone\">Tel\u00e9fono:<\/label>\t<input type=\"text\" placeholder=\"\" value=\"\" id=\"sf_phone\" class=\"w2linput text\" name=\"phone\"  \/><div class=\"clearfix\"><\/div><\/div><div class=\"sf_field sf_field_country sf_type_text\">\t<label class=\"w2llabel required  text\" for=\"sf_country\">Pa\u00eds: <sup><span class=\"required\">*<\/span><\/sup><\/label>\t<input type=\"text\" placeholder=\"\" value=\"\" id=\"sf_country\" class=\"w2linput text\" name=\"country\"  \/><div class=\"clearfix\"><\/div><\/div><div class=\"sf_field sf_field_00NC0000005WMuK sf_type_select\">\t<label class=\"w2llabel   select\" for=\"sf_00NC0000005WMuK\">Servicios:<\/label>\t\t<select id=\"sf_00NC0000005WMuK\" class=\"w2linput select\" name=\"00NC0000005WMuK\"><option value=\"PA - Product Approvals\" >PA - Aprobaciones de productos<\/option><option value=\"DAM - Digital Asset Management\" >DAM - Gesti\u00f3n de Activos Digitales<\/option><option value=\"RM - Rights\/Royalty Management\" >RM - Gesti\u00f3n de Derechos\/Royalty Management<\/option><\/select><div class=\"clearfix\"><\/div><\/div><div class=\"sf_field sf_field_00NC0000005WMuF sf_type_select\">\t<label class=\"w2llabel   select\" for=\"sf_00NC0000005WMuF\">\u00bfC\u00f3mo se enter\u00f3 de nosotros?<\/label>\t\t<select id=\"sf_00NC0000005WMuF\" class=\"w2linput select\" name=\"00NC0000005WMuF\"><option value=\"Referral\" >Referencia<\/option><option value=\"Search Engine\" >Motor de b\u00fasqueda<\/option><option value=\"Industry Event\" >Evento de la industria<\/option><option value=\"LinkedIn\" >LinkedIn<\/option><option value=\"Twitter\" >Twitter<\/option><option value=\"Facebook\" >Facebook<\/option><\/select><div class=\"clearfix\"><\/div><\/div><div class=\"sf_field sf_field_subject sf_type_text\">\t<label class=\"w2llabel required  text\" for=\"sf_subject\">Sujeto: <sup><span class=\"required\">*<\/span><\/sup><\/label>\t<input type=\"text\" placeholder=\"\" value=\"\" id=\"sf_subject\" class=\"w2linput text\" name=\"subject\"  \/><div class=\"clearfix\"><\/div><\/div><div class=\"sf_field sf_field_description sf_type_textarea\">\t<label class=\"w2llabel required  textarea\" for=\"sf_description\">Mensaje: <sup><span class=\"required\">*<\/span><\/sup><\/label>\t\t<textarea id=\"sf_description\" class=\"w2linput textarea\" name=\"description\" placeholder=\"\"><\/textarea><div class=\"clearfix\"><\/div><\/div>\t\t<input type=\"hidden\" id=\"sf_00N3c000007wGdh\" class=\"w2linput hidden\" name=\"00N3c000007wGdh\" value=\"\" \/><div class=\"sf_field sf_field_cloudflare sf_type_html\"><\/label><br><div id=\"turnstile-container\" class=\"cf-turnstile\" data-sitekey=\"0x4AAAAAACLDxZDiBvaqdzjd\"><\/div>\r\r<script>\rdocument.addEventListener(\"DOMContentLoaded\", function() {\r    const f = document.getElementById('sf_form_salesforce_w2l_lead_12');\r    if (!f) return;\r\r    f.addEventListener(\"submit\", function(e) {\r        if (typeof turnstile === \"undefined\") return;\r\r        const r = turnstile.getResponse();\r        if (!r) {\r            e.preventDefault();\r            e.stopImmediatePropagation();\r            \r            const w = document.getElementById('turnstile-container');\r            if (w) {\r                w.style.padding = \"10px\";\r                w.style.border = \"2px solid #ff0000\";\r                w.style.borderRadius = \"5px\";\r                w.scrollIntoView({ behavior: 'smooth', block: 'center' });\r            }\r            alert(\"Please verify that you are human before sending the message.\");\r        }\r    }, true);\r});\r<\/script><div class=\"clearfix\"><\/div><\/div>\t\t<div class=\"sf_field sf_field_cb sf_type_checkbox sf_cc_user\"><label class=\"w2llabel checkbox w2llabel-checkbox-label\"><input type=\"checkbox\" name=\"w2lcc\" class=\"w2linput checkbox\" value=\"1\"  \/> Env\u00edame una copia.<\/label><\/div>\t<input type=\"text\" name=\"message\" class=\"w2linput\" value=\"\" style=\"display: none;\" \/>\t<input type=\"hidden\" name=\"form_id\" class=\"w2linput\" value=\"12\" \/>\t<div class=\"w2lsubmit\"><input type=\"submit\" name=\"w2lsubmit\" class=\"w2linput submit\" value=\"Env\u00eda el mensaje\" \/><\/div><input type=\"hidden\" name=\"trp-form-language\" value=\"es\"\/><\/form><p class=\"sf_required_fields_msg\" id=\"requiredfieldsmsg\"><sup><span class=\"required\">*<\/span><\/sup> Estos campos son obligatorios.<\/p><\/div>\n<\/div><\/div><\/div><div class=\"fusion-layout-column fusion_builder_column fusion-builder-column-2 fusion_builder_column_1_2 1_2 fusion-flex-column\" style=\"--awb-bg-color:#ffffff;--awb-bg-color-hover:#ffffff;--awb-bg-size:cover;--awb-width-large:50%;--awb-margin-top-large:0px;--awb-spacing-right-large:3.84%;--awb-margin-bottom-large:20px;--awb-spacing-left-large:3.84%;--awb-width-medium:100%;--awb-order-medium:0;--awb-spacing-right-medium:1.92%;--awb-spacing-left-medium:1.92%;--awb-width-small:100%;--awb-order-small:0;--awb-spacing-right-small:1.92%;--awb-spacing-left-small:1.92%;\"><div class=\"fusion-column-wrapper fusion-column-has-shadow fusion-flex-justify-content-flex-start fusion-content-layout-column\"><div class=\"fusion-text fusion-text-3\"><h2 style=\"text-align: right;\">Otras formas de conectarse:<\/h2>\n<\/div><div class=\"fusion-builder-row fusion-builder-row-inner fusion-row fusion-flex-align-items-flex-start\" style=\"width:104% !important;max-width:104% !important;margin-left: calc(-4% \/ 2 );margin-right: calc(-4% \/ 2 );\"><div class=\"fusion-layout-column fusion_builder_column_inner fusion-builder-nested-column-0 fusion_builder_column_inner_1_1 1_1 fusion-flex-column\" style=\"--awb-bg-size:cover;--awb-width-large:100%;--awb-margin-top-large:0px;--awb-spacing-right-large:1.92%;--awb-margin-bottom-large:20px;--awb-spacing-left-large:1.92%;--awb-width-medium:100%;--awb-order-medium:0;--awb-spacing-right-medium:1.92%;--awb-spacing-left-medium:1.92%;--awb-width-small:100%;--awb-order-small:0;--awb-spacing-right-small:1.92%;--awb-spacing-left-small:1.92%;\"><div class=\"fusion-column-wrapper fusion-column-has-shadow fusion-flex-justify-content-flex-start fusion-content-layout-column\"><div class=\"fusion-text fusion-text-4\"><p style=\"text-align: right;\"><i class=\"fb-icon-element-1 fb-icon-element fontawesome-icon fa fa-envelope circle-no fusion-text-flow\" style=\"--awb-iconcolor:#333333;--awb-iconcolor-hover:#333333;--awb-font-size:28px;--awb-margin-right:14px;\"><\/i><\/p>\n<ul style=\"list-style: none;\">\n<li>\n<h2 style=\"text-align: right;\"><strong>Env\u00edenos un correo electr\u00f3nico<\/strong><\/h2>\n<h2 style=\"text-align: right;\"><a href=\"mailto:sales@mymediabox.com\">sales@mymediabox.com<\/a><br \/>\n<a href=\"mailto:marketing@mymediabox.com\">marketing@mymediabox.com<\/a><\/h2>\n<\/li>\n<\/ul>\n<\/div><\/div><\/div><div class=\"fusion-layout-column fusion_builder_column_inner fusion-builder-nested-column-1 fusion_builder_column_inner_1_1 1_1 fusion-flex-column\" style=\"--awb-bg-blend:overlay;--awb-bg-size:cover;--awb-width-large:100%;--awb-margin-top-large:0px;--awb-spacing-right-large:1.92%;--awb-margin-bottom-large:20px;--awb-spacing-left-large:1.92%;--awb-width-medium:100%;--awb-spacing-right-medium:1.92%;--awb-spacing-left-medium:1.92%;--awb-width-small:100%;--awb-spacing-right-small:1.92%;--awb-spacing-left-small:1.92%;\"><div class=\"fusion-column-wrapper fusion-flex-justify-content-flex-start fusion-content-layout-column\"><div class=\"fusion-text fusion-text-5\"><p style=\"text-align: right;\"><i class=\"fb-icon-element-2 fb-icon-element fontawesome-icon fa fa-phone circle-no fusion-text-flow\" style=\"--awb-iconcolor:#333333;--awb-iconcolor-hover:#333333;--awb-font-size:36px;--awb-margin-right:18px;\"><\/i><\/p>\n<ul style=\"list-style: none;\">\n<li>\n<h2 style=\"text-align: right;\"><strong>Ll\u00e1menos<\/strong><\/h2>\n<h2 style=\"text-align: right;\">Ventas en EE.UU: <a href=\"tel: (678) 685-8282\">678.685.8282<\/a><br \/>\nVentas en el Reino Unido: +44.1268.220844<\/h2>\n<\/li>\n<\/ul>\n<\/div><\/div><\/div><\/div><div class=\"fusion-builder-row fusion-builder-row-inner fusion-row fusion-flex-align-items-flex-start\" style=\"width:104% !important;max-width:104% !important;margin-left: calc(-4% \/ 2 );margin-right: calc(-4% \/ 2 );\"><div class=\"fusion-layout-column fusion_builder_column_inner fusion-builder-nested-column-2 fusion_builder_column_inner_1_1 1_1 fusion-flex-column\" style=\"--awb-bg-blend:overlay;--awb-bg-size:cover;--awb-width-large:100%;--awb-margin-top-large:0px;--awb-spacing-right-large:1.92%;--awb-margin-bottom-large:20px;--awb-spacing-left-large:1.92%;--awb-width-medium:100%;--awb-spacing-right-medium:1.92%;--awb-spacing-left-medium:1.92%;--awb-width-small:100%;--awb-spacing-right-small:1.92%;--awb-spacing-left-small:1.92%;\"><div class=\"fusion-column-wrapper fusion-flex-justify-content-flex-start fusion-content-layout-column\"><div class=\"fusion-text fusion-text-6\"><p style=\"text-align: right;\"><i class=\"fb-icon-element-3 fb-icon-element fontawesome-icon fa-heart far circle-no fusion-text-flow\" style=\"--awb-iconcolor:#333333;--awb-iconcolor-hover:#333333;--awb-font-size:28px;--awb-margin-right:14px;\"><\/i><\/p>\n<ul style=\"list-style: none;\">\n<li>\n<h2 style=\"text-align: right;\"><strong>\u00bfNecesitas apoyo?<\/strong><\/h2>\n<h2 style=\"text-align: right;\">Apoyo: <a href=\"tel: (513)263-9910\">513.263.9910<\/a><\/h2>\n<\/li>\n<\/ul>\n<\/div><\/div><\/div><\/div><div class=\"fusion-builder-row fusion-builder-row-inner fusion-row fusion-flex-align-items-flex-start\" style=\"width:104% !important;max-width:104% !important;margin-left: calc(-4% \/ 2 );margin-right: calc(-4% \/ 2 );\"><div class=\"fusion-layout-column fusion_builder_column_inner fusion-builder-nested-column-3 fusion_builder_column_inner_1_1 1_1 fusion-flex-column\" style=\"--awb-bg-blend:overlay;--awb-bg-size:cover;--awb-width-large:100%;--awb-margin-top-large:0px;--awb-spacing-right-large:1.92%;--awb-margin-bottom-large:20px;--awb-spacing-left-large:1.92%;--awb-width-medium:100%;--awb-spacing-right-medium:1.92%;--awb-spacing-left-medium:1.92%;--awb-width-small:100%;--awb-spacing-right-small:1.92%;--awb-spacing-left-small:1.92%;\"><div class=\"fusion-column-wrapper fusion-flex-justify-content-flex-start fusion-content-layout-column\"><div class=\"fusion-text fusion-text-7\"><p style=\"text-align: right;\"><i class=\"fb-icon-element-4 fb-icon-element fontawesome-icon fa-map-marker-alt fas circle-no fusion-text-flow\" style=\"--awb-iconcolor:#333333;--awb-iconcolor-hover:#333333;--awb-font-size:28px;--awb-margin-right:14px;\"><\/i><\/p>\n<ul style=\"list-style: none;\">\n<li>\n<h2 style=\"text-align: right;\"><strong>Office Locations<\/strong><\/h2>\n<h3 style=\"text-align: right;\"><strong>GEORGIA, USA<\/strong><br \/>\n<a href=\"https:\/\/goo.gl\/maps\/o7TmH759tgAmDRCb9\" target=\"_blank\" rel=\"noopener\">3805 Crestwood Parkway, Suite 160,<br \/>\nDuluth, GA, USA<\/a><\/h3>\n<h3 style=\"text-align: right;\"><strong>PENNSYLVANIA, USA<\/strong><br \/>\n<a href=\"https:\/\/goo.gl\/maps\/h4qpLx6oCLnRWKZc8\" target=\"_blank\" rel=\"noopener\">125 E. County Road, Suite 130,<br \/>\nWarminster, PA 18974<\/a><\/h3>\n<\/li>\n<\/ul>\n<\/div><\/div><\/div><\/div><\/div><\/div><\/div><\/div>","protected":false},"excerpt":{"rendered":"","protected":false},"author":1,"featured_media":0,"parent":0,"menu_order":0,"comment_status":"closed","ping_status":"closed","template":"","meta":{"footnotes":""},"class_list":["post-12182","page","type-page","status-publish","hentry"],"yoast_head":"<!-- This site is optimized with the Yoast SEO plugin v27.5 - https:\/\/yoast.com\/product\/yoast-seo-wordpress\/ -->\n<title>Contact Us - Learn how MyMediabox streamlines the brand licensing lifecycle<\/title>\n<meta name=\"description\" content=\"Please contact MyMediabox today to learn more about our company and our enterprise products and services for the brand licensing industry.\" \/>\n<meta name=\"robots\" content=\"index, follow, max-snippet:-1, max-image-preview:large, max-video-preview:-1\" \/>\n<link rel=\"canonical\" href=\"https:\/\/www.mymediabox.com\/es\/contact-us\/\" \/>\n<meta property=\"og:locale\" content=\"es_ES\" \/>\n<meta property=\"og:type\" content=\"article\" \/>\n<meta property=\"og:title\" content=\"Contact Us - Learn how MyMediabox streamlines the brand licensing lifecycle\" \/>\n<meta property=\"og:description\" content=\"Please contact MyMediabox today to learn more about our company and our enterprise products and services for the brand licensing industry.\" \/>\n<meta property=\"og:url\" content=\"https:\/\/www.mymediabox.com\/es\/contact-us\/\" \/>\n<meta property=\"og:site_name\" content=\"MyMediabox\" \/>\n<meta property=\"article:publisher\" content=\"http:\/\/www.facebook.com\/mymediabox?ref=sgm\" \/>\n<meta property=\"article:modified_time\" content=\"2026-01-07T12:00:00+00:00\" \/>\n<meta name=\"twitter:card\" content=\"summary_large_image\" \/>\n<meta name=\"twitter:site\" content=\"@MyMediabox\" \/>\n<meta name=\"twitter:label1\" content=\"Tiempo de lectura\" \/>\n\t<meta name=\"twitter:data1\" content=\"4 minutos\" \/>\n<script type=\"application\/ld+json\" class=\"yoast-schema-graph\">{\"@context\":\"https:\\\/\\\/schema.org\",\"@graph\":[{\"@type\":\"WebPage\",\"@id\":\"https:\\\/\\\/www.mymediabox.com\\\/contact-us\\\/\",\"url\":\"https:\\\/\\\/www.mymediabox.com\\\/contact-us\\\/\",\"name\":\"Contact Us - Learn how MyMediabox streamlines the brand licensing lifecycle\",\"isPartOf\":{\"@id\":\"https:\\\/\\\/www.mymediabox.com\\\/#website\"},\"datePublished\":\"2017-03-27T17:44:07+00:00\",\"dateModified\":\"2026-01-07T12:00:00+00:00\",\"description\":\"Please contact MyMediabox today to learn more about our company and our enterprise products and services for the brand licensing industry.\",\"breadcrumb\":{\"@id\":\"https:\\\/\\\/www.mymediabox.com\\\/contact-us\\\/#breadcrumb\"},\"inLanguage\":\"es\",\"potentialAction\":[{\"@type\":\"ReadAction\",\"target\":[\"https:\\\/\\\/www.mymediabox.com\\\/contact-us\\\/\"]}]},{\"@type\":\"BreadcrumbList\",\"@id\":\"https:\\\/\\\/www.mymediabox.com\\\/contact-us\\\/#breadcrumb\",\"itemListElement\":[{\"@type\":\"ListItem\",\"position\":1,\"name\":\"Home\",\"item\":\"https:\\\/\\\/www.mymediabox.com\\\/\"},{\"@type\":\"ListItem\",\"position\":2,\"name\":\"Contact Us\"}]},{\"@type\":\"WebSite\",\"@id\":\"https:\\\/\\\/www.mymediabox.com\\\/#website\",\"url\":\"https:\\\/\\\/www.mymediabox.com\\\/\",\"name\":\"MyMediabox\",\"description\":\"Online Solutions for Product Approvals, Brand Assurance and Digital Asset Management\",\"publisher\":{\"@id\":\"https:\\\/\\\/www.mymediabox.com\\\/#organization\"},\"potentialAction\":[{\"@type\":\"SearchAction\",\"target\":{\"@type\":\"EntryPoint\",\"urlTemplate\":\"https:\\\/\\\/www.mymediabox.com\\\/?s={search_term_string}\"},\"query-input\":{\"@type\":\"PropertyValueSpecification\",\"valueRequired\":true,\"valueName\":\"search_term_string\"}}],\"inLanguage\":\"es\"},{\"@type\":\"Organization\",\"@id\":\"https:\\\/\\\/www.mymediabox.com\\\/#organization\",\"name\":\"MyMediabox\",\"url\":\"https:\\\/\\\/www.mymediabox.com\\\/\",\"logo\":{\"@type\":\"ImageObject\",\"inLanguage\":\"es\",\"@id\":\"https:\\\/\\\/www.mymediabox.com\\\/#\\\/schema\\\/logo\\\/image\\\/\",\"url\":\"https:\\\/\\\/www.mymediabox.com\\\/wp-content\\\/uploads\\\/2017\\\/03\\\/mymediabox_logo.png\",\"contentUrl\":\"https:\\\/\\\/www.mymediabox.com\\\/wp-content\\\/uploads\\\/2017\\\/03\\\/mymediabox_logo.png\",\"width\":230,\"height\":75,\"caption\":\"MyMediabox\"},\"image\":{\"@id\":\"https:\\\/\\\/www.mymediabox.com\\\/#\\\/schema\\\/logo\\\/image\\\/\"},\"sameAs\":[\"http:\\\/\\\/www.facebook.com\\\/mymediabox?ref=sgm\",\"https:\\\/\\\/x.com\\\/MyMediabox\",\"http:\\\/\\\/www.linkedin.com\\\/company\\\/1847290?trk=tyah\"]}]}<\/script>\n<!-- \/ Yoast SEO plugin. -->","yoast_head_json":{"title":"Contact Us - Learn how MyMediabox streamlines the brand licensing lifecycle","description":"Please contact MyMediabox today to learn more about our company and our enterprise products and services for the brand licensing industry.","robots":{"index":"index","follow":"follow","max-snippet":"max-snippet:-1","max-image-preview":"max-image-preview:large","max-video-preview":"max-video-preview:-1"},"canonical":"https:\/\/www.mymediabox.com\/es\/contact-us\/","og_locale":"es_ES","og_type":"article","og_title":"Contact Us - Learn how MyMediabox streamlines the brand licensing lifecycle","og_description":"Please contact MyMediabox today to learn more about our company and our enterprise products and services for the brand licensing industry.","og_url":"https:\/\/www.mymediabox.com\/es\/contact-us\/","og_site_name":"MyMediabox","article_publisher":"http:\/\/www.facebook.com\/mymediabox?ref=sgm","article_modified_time":"2026-01-07T12:00:00+00:00","twitter_card":"summary_large_image","twitter_site":"@MyMediabox","twitter_misc":{"Tiempo de lectura":"4 minutos"},"schema":{"@context":"https:\/\/schema.org","@graph":[{"@type":"WebPage","@id":"https:\/\/www.mymediabox.com\/contact-us\/","url":"https:\/\/www.mymediabox.com\/contact-us\/","name":"Contact Us - Learn how MyMediabox streamlines the brand licensing lifecycle","isPartOf":{"@id":"https:\/\/www.mymediabox.com\/#website"},"datePublished":"2017-03-27T17:44:07+00:00","dateModified":"2026-01-07T12:00:00+00:00","description":"Please contact MyMediabox today to learn more about our company and our enterprise products and services for the brand licensing industry.","breadcrumb":{"@id":"https:\/\/www.mymediabox.com\/contact-us\/#breadcrumb"},"inLanguage":"es","potentialAction":[{"@type":"ReadAction","target":["https:\/\/www.mymediabox.com\/contact-us\/"]}]},{"@type":"BreadcrumbList","@id":"https:\/\/www.mymediabox.com\/contact-us\/#breadcrumb","itemListElement":[{"@type":"ListItem","position":1,"name":"Home","item":"https:\/\/www.mymediabox.com\/"},{"@type":"ListItem","position":2,"name":"Contact Us"}]},{"@type":"WebSite","@id":"https:\/\/www.mymediabox.com\/#website","url":"https:\/\/www.mymediabox.com\/","name":"MyMediabox","description":"Soluciones en l\u00ednea para la aprobaci\u00f3n de productos, la garant\u00eda de marcas y la gesti\u00f3n de activos digitales","publisher":{"@id":"https:\/\/www.mymediabox.com\/#organization"},"potentialAction":[{"@type":"SearchAction","target":{"@type":"EntryPoint","urlTemplate":"https:\/\/www.mymediabox.com\/?s={search_term_string}"},"query-input":{"@type":"PropertyValueSpecification","valueRequired":true,"valueName":"search_term_string"}}],"inLanguage":"es"},{"@type":"Organization","@id":"https:\/\/www.mymediabox.com\/#organization","name":"MyMediabox","url":"https:\/\/www.mymediabox.com\/","logo":{"@type":"ImageObject","inLanguage":"es","@id":"https:\/\/www.mymediabox.com\/#\/schema\/logo\/image\/","url":"https:\/\/www.mymediabox.com\/wp-content\/uploads\/2017\/03\/mymediabox_logo.png","contentUrl":"https:\/\/www.mymediabox.com\/wp-content\/uploads\/2017\/03\/mymediabox_logo.png","width":230,"height":75,"caption":"MyMediabox"},"image":{"@id":"https:\/\/www.mymediabox.com\/#\/schema\/logo\/image\/"},"sameAs":["http:\/\/www.facebook.com\/mymediabox?ref=sgm","https:\/\/x.com\/MyMediabox","http:\/\/www.linkedin.com\/company\/1847290?trk=tyah"]}]}},"_links":{"self":[{"href":"https:\/\/www.mymediabox.com\/es\/wp-json\/wp\/v2\/pages\/12182","targetHints":{"allow":["GET"]}}],"collection":[{"href":"https:\/\/www.mymediabox.com\/es\/wp-json\/wp\/v2\/pages"}],"about":[{"href":"https:\/\/www.mymediabox.com\/es\/wp-json\/wp\/v2\/types\/page"}],"author":[{"embeddable":true,"href":"https:\/\/www.mymediabox.com\/es\/wp-json\/wp\/v2\/users\/1"}],"replies":[{"embeddable":true,"href":"https:\/\/www.mymediabox.com\/es\/wp-json\/wp\/v2\/comments?post=12182"}],"version-history":[{"count":0,"href":"https:\/\/www.mymediabox.com\/es\/wp-json\/wp\/v2\/pages\/12182\/revisions"}],"wp:attachment":[{"href":"https:\/\/www.mymediabox.com\/es\/wp-json\/wp\/v2\/media?parent=12182"}],"curies":[{"name":"wp","href":"https:\/\/api.w.org\/{rel}","templated":true}]}}