{"id":13252,"date":"2017-11-30T04:56:31","date_gmt":"2017-11-30T04:56:31","guid":{"rendered":"https:\/\/mymediaboxstag.wpengine.com\/?page_id=13252"},"modified":"2025-06-05T21:20:43","modified_gmt":"2025-06-05T21:20:43","slug":"video","status":"publish","type":"page","link":"https:\/\/www.mymediabox.com\/es\/video\/","title":{"rendered":"MyMediabox es el l\u00edder de la industria de software de licencias de PI"},"content":{"rendered":"<div class=\"fusion-fullwidth fullwidth-box fusion-builder-row-1 fusion-flex-container nonhundred-percent-fullwidth non-hundred-percent-height-scrolling\" style=\"--awb-border-radius-top-left:0px;--awb-border-radius-top-right:0px;--awb-border-radius-bottom-right:0px;--awb-border-radius-bottom-left:0px;\" ><div class=\"fusion-builder-row fusion-row fusion-flex-align-items-flex-start\" style=\"max-width:1144px;margin-left: calc(-4% \/ 2 );margin-right: calc(-4% \/ 2 );\"><div class=\"fusion-layout-column fusion_builder_column fusion-builder-column-0 fusion_builder_column_3_5 3_5 fusion-flex-column\" style=\"--awb-bg-size:cover;--awb-width-large:60%;--awb-margin-top-large:0px;--awb-spacing-right-large:3.2%;--awb-margin-bottom-large:20px;--awb-spacing-left-large:3.2%;--awb-width-medium:100%;--awb-spacing-right-medium:1.92%;--awb-spacing-left-medium:1.92%;--awb-width-small:100%;--awb-spacing-right-small:1.92%;--awb-spacing-left-small:1.92%;\"><div class=\"fusion-column-wrapper fusion-flex-justify-content-flex-start fusion-content-layout-column\"><div class=\"fusion-title title fusion-title-1 fusion-title-text fusion-title-size-two\"><div class=\"title-sep-container title-sep-container-left fusion-no-large-visibility fusion-no-medium-visibility fusion-no-small-visibility\"><div class=\"title-sep sep-double sep-solid\" style=\"border-color:#e0dede;\"><\/div><\/div><span class=\"awb-title-spacer fusion-no-large-visibility fusion-no-medium-visibility fusion-no-small-visibility\"><\/span><h2 class=\"title-heading-left fusion-responsive-typography-calculated\" style=\"margin:0;--fontSize:22;line-height:1.5;\">Vea nuestro video<\/h2><span class=\"awb-title-spacer\"><\/span><div class=\"title-sep-container title-sep-container-right\"><div class=\"title-sep sep-double sep-solid\" style=\"border-color:#e0dede;\"><\/div><\/div><\/div><div class=\"fusion-text fusion-text-1\"><p><iframe data-src=\"https:\/\/www.youtube.com\/embed\/-FAN4RscnLY\" width=\"560\" height=\"315\" frameborder=\"0\" allowfullscreen=\"allowfullscreen\" src=\"data:image\/svg+xml;base64,PHN2ZyB3aWR0aD0iMSIgaGVpZ2h0PSIxIiB4bWxucz0iaHR0cDovL3d3dy53My5vcmcvMjAwMC9zdmciPjwvc3ZnPg==\" class=\"lazyload\" data-load-mode=\"1\"><\/iframe><\/p>\n<\/div><div class=\"fusion-text fusion-text-2\"><p>&nbsp;<\/p>\n<\/div><div class=\"fusion-text fusion-text-3\"><p>MyMediabox is the leading provider of hosted, online software for contract, rights and royalty management, <a href=\"\/es\/brand-licensing-software\/product-approvals\/\">aprobaciones de productos<\/a> workflow and digital asset management. Today, 120+ leading licensors worldwide use MyMediabox applications.<\/p>\n<\/div><\/div><\/div><div class=\"fusion-layout-column fusion_builder_column fusion-builder-column-1 fusion_builder_column_2_5 2_5 fusion-flex-column\" style=\"--awb-bg-size:cover;--awb-width-large:40%;--awb-margin-top-large:0px;--awb-spacing-right-large:4.8%;--awb-margin-bottom-large:20px;--awb-spacing-left-large:4.8%;--awb-width-medium:100%;--awb-spacing-right-medium:1.92%;--awb-spacing-left-medium:1.92%;--awb-width-small:100%;--awb-spacing-right-small:1.92%;--awb-spacing-left-small:1.92%;\"><div class=\"fusion-column-wrapper fusion-flex-justify-content-flex-start fusion-content-layout-column\"><div class=\"fusion-content-boxes content-boxes columns row fusion-columns-1 fusion-columns-total-1 fusion-content-boxes-1 content-boxes-icon-boxed content-left\" style=\"--awb-hover-accent-color:#005696;--awb-circle-hover-accent-color:#005696;--awb-item-margin-bottom:40px;\" data-animationoffset=\"top-into-view\"><div style=\"--awb-backgroundcolor:#ededed;\" class=\"fusion-column content-box-column content-box-column content-box-column-1 col-lg-12 col-md-12 col-sm-12 fusion-content-box-hover content-box-column-last content-box-column-last-in-row\"><div class=\"col content-box-wrapper content-wrapper-background content-wrapper-boxed link-area-link-icon icon-hover-animation-fade fusion-animated\" data-animationtype=\"fadeInDown\" data-animationduration=\"0.3\" data-animationoffset=\"top-into-view\"><div class=\"heading heading-with-icon icon-left\"><div class=\"icon\"><i style=\"border-color:#333333;border-width:0px;background-color:#88b065;box-sizing:content-box;height:52px;width:52px;line-height:52px;top:-76px;margin-left:-26px;border-radius:50%;font-size:26px;\" aria-hidden=\"true\" class=\"fontawesome-icon fa-handshake far circle-yes\"><\/i><\/div><h2 class=\"content-box-heading fusion-responsive-typography-calculated\" style=\"--h2_typography-font-size:18px;--fontSize:18;line-height:1.5;\">Programe una demostraci\u00f3n<\/h2><\/div><div class=\"fusion-clearfix\"><\/div><div class=\"content-container\">\n<p style=\"text-align: center;\"><div class=\"fusion-separator fusion-full-width-sep\" style=\"align-self: center;margin-left: auto;margin-right: auto;margin-top:0px;margin-bottom:10px;width:100%;\"><div class=\"fusion-separator-border sep-single sep-solid\" style=\"--awb-height:20px;--awb-amount:20px;--awb-sep-color:#005696;border-color:#005696;border-top-width:1px;\"><\/div><\/div>\n<div class=\"salesforce_w2l_lead sf_one_column\"><form id=\"sf_form_salesforce_w2l_lead_13\" class=\"w2llead top-aligned\" method=\"post\" action=\"#sf_form_salesforce_w2l_lead_13\" data-trp-original-action=\"#sf_form_salesforce_w2l_lead_13\"><div class=\"sf_field sf_field_first_name sf_type_text\">\t<label class=\"w2llabel required  text\" for=\"sf_first_name\">Nombre de pila: <sup><span class=\"required\">*<\/span><\/sup><\/label>\t<input type=\"text\" placeholder=\"\" value=\"\" id=\"sf_first_name\" class=\"w2linput text\" name=\"first_name\"  \/><div class=\"clearfix\"><\/div><\/div><div class=\"sf_field sf_field_last_name sf_type_text\">\t<label class=\"w2llabel required  text\" for=\"sf_last_name\">Apellido: <sup><span class=\"required\">*<\/span><\/sup><\/label>\t<input type=\"text\" placeholder=\"\" value=\"\" id=\"sf_last_name\" class=\"w2linput text\" name=\"last_name\"  \/><div class=\"clearfix\"><\/div><\/div><div class=\"sf_field sf_field_email sf_type_text\">\t<label class=\"w2llabel required  text\" for=\"sf_email\">Correo electr\u00f3nico: <sup><span class=\"required\">*<\/span><\/sup><\/label>\t<input type=\"text\" placeholder=\"\" value=\"\" id=\"sf_email\" class=\"w2linput text\" name=\"email\"  \/><div class=\"clearfix\"><\/div><\/div><div class=\"sf_field sf_field_company sf_type_text\">\t<label class=\"w2llabel required  text\" for=\"sf_company\">Compa\u00f1\u00eda: <sup><span class=\"required\">*<\/span><\/sup><\/label>\t<input type=\"text\" placeholder=\"\" value=\"\" id=\"sf_company\" class=\"w2linput text\" name=\"company\"  \/><div class=\"clearfix\"><\/div><\/div><div class=\"sf_field sf_field_phone sf_type_text\">\t<label class=\"w2llabel   text\" for=\"sf_phone\">Tel\u00e9fono:<\/label>\t<input type=\"text\" placeholder=\"\" value=\"\" id=\"sf_phone\" class=\"w2linput text\" name=\"phone\"  \/><div class=\"clearfix\"><\/div><\/div><div class=\"sf_field sf_field_country sf_type_text\">\t<label class=\"w2llabel required  text\" for=\"sf_country\">Pa\u00eds: <sup><span class=\"required\">*<\/span><\/sup><\/label>\t<input type=\"text\" placeholder=\"\" value=\"\" id=\"sf_country\" class=\"w2linput text\" name=\"country\"  \/><div class=\"clearfix\"><\/div><\/div><div class=\"sf_field sf_field_00NC0000005WMuK sf_type_select\">\t<label class=\"w2llabel   select\" for=\"sf_00NC0000005WMuK\">Servicios:<\/label>\t\t<select id=\"sf_00NC0000005WMuK\" class=\"w2linput select\" name=\"00NC0000005WMuK\"><option value=\"PA - Product Approvals\" >PA - Aprobaciones de productos<\/option><option value=\"DAM - Digital Asset Management\" >DAM - Gesti\u00f3n de Activos Digitales<\/option><option value=\"RM - Rights\/Royalty Management\" >RM - Gesti\u00f3n de Derechos\/Royalty Management<\/option><\/select><div class=\"clearfix\"><\/div><\/div><div class=\"sf_field sf_field_00NC0000005WMuF sf_type_select\">\t<label class=\"w2llabel   select\" for=\"sf_00NC0000005WMuF\">\u00bfC\u00f3mo se enter\u00f3 de nosotros?<\/label>\t\t<select id=\"sf_00NC0000005WMuF\" class=\"w2linput select\" name=\"00NC0000005WMuF\"><option value=\"Referral\" >Referencia<\/option><option value=\"Search Engine\" >Motor de b\u00fasqueda<\/option><option value=\"Industry Event\" >Evento de la industria<\/option><option value=\"LinkedIn\" >LinkedIn<\/option><option value=\"Twitter\" >Twitter<\/option><option value=\"Facebook\" >Facebook<\/option><\/select><div class=\"clearfix\"><\/div><\/div><div class=\"sf_field sf_field_subject sf_type_text\">\t<label class=\"w2llabel required  text\" for=\"sf_subject\">Sujeto: <sup><span class=\"required\">*<\/span><\/sup><\/label>\t<input type=\"text\" placeholder=\"\" value=\"\" id=\"sf_subject\" class=\"w2linput text\" name=\"subject\"  \/><div class=\"clearfix\"><\/div><\/div><div class=\"sf_field sf_field_description sf_type_textarea\">\t<label class=\"w2llabel required  textarea\" for=\"sf_description\">Mensaje: <sup><span class=\"required\">*<\/span><\/sup><\/label>\t\t<textarea id=\"sf_description\" class=\"w2linput textarea\" name=\"description\" placeholder=\"\"><\/textarea><div class=\"clearfix\"><\/div><\/div>\t\t<input type=\"hidden\" id=\"sf_00N3c000007wGdh\" class=\"w2linput hidden\" name=\"00N3c000007wGdh\" value=\"\" \/><div class=\"sf_field sf_field_captcha sf_type_captcha\"><label class=\"w2llabel\">Type the text shown: *<\/label>\t\t\t\t\t<img decoding=\"async\" class=\"w2limg\" src=\"https:\/\/www.mymediabox.com\/wp-admin\/admin-ajax.php?action=sfw2l_get_captcha&_CAPTCHA=true&t=8a9a1ef8f3da9148d18cd3bf4757da377b90988f&hash=796fd225a88c2bd65cc3e46f683be7e2ef8b0fe1\" alt=\"CAPTCHA image\" \/><input type=\"text\" class=\"w2linput text captcha\" name=\"captcha_text\" value=\"\" \/><input type=\"hidden\" class=\"w2linput hidden\" name=\"captcha_hash\" value=\"796fd225a88c2bd65cc3e46f683be7e2ef8b0fe1\" \/><\/div>\t\t<div class=\"sf_field sf_field_cb sf_type_checkbox sf_cc_user\"><label class=\"w2llabel checkbox w2llabel-checkbox-label\"><input type=\"checkbox\" name=\"w2lcc\" class=\"w2linput checkbox\" value=\"1\"  \/> Env\u00edame una copia.<\/label><\/div>\t<input type=\"text\" name=\"message\" class=\"w2linput\" value=\"\" style=\"display: none;\" \/>\t<input type=\"hidden\" name=\"form_id\" class=\"w2linput\" value=\"13\" \/>\t<div class=\"w2lsubmit\"><input type=\"submit\" name=\"w2lsubmit\" class=\"w2linput submit\" value=\"Env\u00eda el mensaje\" \/><\/div><input type=\"hidden\" name=\"trp-form-language\" value=\"es\"\/><\/form><p class=\"sf_required_fields_msg\" id=\"requiredfieldsmsg\"><sup><span class=\"required\">*<\/span><\/sup> Estos campos son obligatorios.<\/p><\/div><\/div><\/div><\/div><div class=\"fusion-clearfix\"><\/div><\/div><\/div><\/div><\/div><\/div>","protected":false},"excerpt":{"rendered":"","protected":false},"author":1,"featured_media":0,"parent":0,"menu_order":0,"comment_status":"closed","ping_status":"closed","template":"","meta":{"footnotes":""},"class_list":["post-13252","page","type-page","status-publish","hentry"],"yoast_head":"<!-- This site is optimized with the Yoast SEO Premium plugin v20.11 (Yoast SEO v27.2) - https:\/\/yoast.com\/product\/yoast-seo-premium-wordpress\/ -->\n<title>MyMediabox is THE Industry Leader in IP Licensing Software &#8211; MyMediabox<\/title>\n<meta name=\"description\" content=\"MyMediabox is the leading provider of hosted, online software for contract, rights and royalty management, product approvals workflow and digital asset management. Today, 120+ leading licensors worldwide use MyMediabox applications.\" \/>\n<meta name=\"robots\" content=\"index, follow, max-snippet:-1, max-image-preview:large, max-video-preview:-1\" \/>\n<link rel=\"canonical\" href=\"https:\/\/www.mymediabox.com\/es\/video\/\" \/>\n<meta property=\"og:locale\" content=\"es_ES\" \/>\n<meta property=\"og:type\" content=\"article\" \/>\n<meta property=\"og:title\" content=\"MyMediabox is THE Industry Leader in IP Licensing Software\" \/>\n<meta property=\"og:description\" content=\"MyMediabox is the leading provider of hosted, online software for contract, rights and royalty management, product approvals workflow and digital asset management. Today, 120+ leading licensors worldwide use MyMediabox applications.\" \/>\n<meta property=\"og:url\" content=\"https:\/\/www.mymediabox.com\/es\/video\/\" \/>\n<meta property=\"og:site_name\" content=\"MyMediabox\" \/>\n<meta property=\"article:publisher\" content=\"http:\/\/www.facebook.com\/mymediabox?ref=sgm\" \/>\n<meta property=\"article:modified_time\" content=\"2025-06-05T21:20:43+00:00\" \/>\n<meta name=\"twitter:card\" content=\"summary_large_image\" \/>\n<meta name=\"twitter:site\" content=\"@MyMediabox\" \/>\n<meta name=\"twitter:label1\" content=\"Tiempo de lectura\" \/>\n\t<meta name=\"twitter:data1\" content=\"2 minutos\" \/>\n<script type=\"application\/ld+json\" class=\"yoast-schema-graph\">{\"@context\":\"https:\/\/schema.org\",\"@graph\":[{\"@type\":\"WebPage\",\"@id\":\"https:\/\/www.mymediabox.com\/video\/\",\"url\":\"https:\/\/www.mymediabox.com\/video\/\",\"name\":\"MyMediabox is THE Industry Leader in IP Licensing Software &#8211; MyMediabox\",\"isPartOf\":{\"@id\":\"https:\/\/www.mymediabox.com\/#website\"},\"datePublished\":\"2017-11-30T04:56:31+00:00\",\"dateModified\":\"2025-06-05T21:20:43+00:00\",\"description\":\"MyMediabox is the leading provider of hosted, online software for contract, rights and royalty management, product approvals workflow and digital asset management. Today, 120+ leading licensors worldwide use MyMediabox applications.\",\"breadcrumb\":{\"@id\":\"https:\/\/www.mymediabox.com\/video\/#breadcrumb\"},\"inLanguage\":\"es\",\"potentialAction\":[{\"@type\":\"ReadAction\",\"target\":[\"https:\/\/www.mymediabox.com\/video\/\"]}]},{\"@type\":\"BreadcrumbList\",\"@id\":\"https:\/\/www.mymediabox.com\/video\/#breadcrumb\",\"itemListElement\":[{\"@type\":\"ListItem\",\"position\":1,\"name\":\"Home\",\"item\":\"https:\/\/www.mymediabox.com\/\"},{\"@type\":\"ListItem\",\"position\":2,\"name\":\"MyMediabox is THE Industry Leader in IP Licensing Software\"}]},{\"@type\":\"WebSite\",\"@id\":\"https:\/\/www.mymediabox.com\/#website\",\"url\":\"https:\/\/www.mymediabox.com\/\",\"name\":\"MyMediabox\",\"description\":\"Online Solutions for Product Approvals, Brand Assurance and Digital Asset Management\",\"publisher\":{\"@id\":\"https:\/\/www.mymediabox.com\/#organization\"},\"potentialAction\":[{\"@type\":\"SearchAction\",\"target\":{\"@type\":\"EntryPoint\",\"urlTemplate\":\"https:\/\/www.mymediabox.com\/?s={search_term_string}\"},\"query-input\":{\"@type\":\"PropertyValueSpecification\",\"valueRequired\":true,\"valueName\":\"search_term_string\"}}],\"inLanguage\":\"es\"},{\"@type\":\"Organization\",\"@id\":\"https:\/\/www.mymediabox.com\/#organization\",\"name\":\"MyMediabox\",\"url\":\"https:\/\/www.mymediabox.com\/\",\"logo\":{\"@type\":\"ImageObject\",\"inLanguage\":\"es\",\"@id\":\"https:\/\/www.mymediabox.com\/#\/schema\/logo\/image\/\",\"url\":\"https:\/\/www.mymediabox.com\/wp-content\/uploads\/2017\/03\/mymediabox_logo.png\",\"contentUrl\":\"https:\/\/www.mymediabox.com\/wp-content\/uploads\/2017\/03\/mymediabox_logo.png\",\"width\":230,\"height\":75,\"caption\":\"MyMediabox\"},\"image\":{\"@id\":\"https:\/\/www.mymediabox.com\/#\/schema\/logo\/image\/\"},\"sameAs\":[\"http:\/\/www.facebook.com\/mymediabox?ref=sgm\",\"https:\/\/x.com\/MyMediabox\",\"http:\/\/www.linkedin.com\/company\/1847290?trk=tyah\"]}]}<\/script>\n<!-- \/ Yoast SEO Premium plugin. -->","yoast_head_json":{"title":"MyMediabox is THE Industry Leader in IP Licensing Software &#8211; MyMediabox","description":"MyMediabox es el principal proveedor de software alojado en l\u00ednea para la gesti\u00f3n de contratos, derechos y regal\u00edas, flujo de trabajo de aprobaci\u00f3n de productos y gesti\u00f3n de activos digitales. Hoy en d\u00eda, m\u00e1s de 120 licenciadores l\u00edderes en todo el mundo utilizan las aplicaciones de MyMediabox.","robots":{"index":"index","follow":"follow","max-snippet":"max-snippet:-1","max-image-preview":"max-image-preview:large","max-video-preview":"max-video-preview:-1"},"canonical":"https:\/\/www.mymediabox.com\/es\/video\/","og_locale":"es_ES","og_type":"article","og_title":"MyMediabox is THE Industry Leader in IP Licensing Software","og_description":"MyMediabox is the leading provider of hosted, online software for contract, rights and royalty management, product approvals workflow and digital asset management. Today, 120+ leading licensors worldwide use MyMediabox applications.","og_url":"https:\/\/www.mymediabox.com\/es\/video\/","og_site_name":"MyMediabox","article_publisher":"http:\/\/www.facebook.com\/mymediabox?ref=sgm","article_modified_time":"2025-06-05T21:20:43+00:00","twitter_card":"summary_large_image","twitter_site":"@MyMediabox","twitter_misc":{"Tiempo de lectura":"2 minutos"},"schema":{"@context":"https:\/\/schema.org","@graph":[{"@type":"WebPage","@id":"https:\/\/www.mymediabox.com\/video\/","url":"https:\/\/www.mymediabox.com\/video\/","name":"MyMediabox is THE Industry Leader in IP Licensing Software &#8211; MyMediabox","isPartOf":{"@id":"https:\/\/www.mymediabox.com\/#website"},"datePublished":"2017-11-30T04:56:31+00:00","dateModified":"2025-06-05T21:20:43+00:00","description":"MyMediabox es el principal proveedor de software alojado en l\u00ednea para la gesti\u00f3n de contratos, derechos y regal\u00edas, flujo de trabajo de aprobaci\u00f3n de productos y gesti\u00f3n de activos digitales. Hoy en d\u00eda, m\u00e1s de 120 licenciadores l\u00edderes en todo el mundo utilizan las aplicaciones de MyMediabox.","breadcrumb":{"@id":"https:\/\/www.mymediabox.com\/video\/#breadcrumb"},"inLanguage":"es","potentialAction":[{"@type":"ReadAction","target":["https:\/\/www.mymediabox.com\/video\/"]}]},{"@type":"BreadcrumbList","@id":"https:\/\/www.mymediabox.com\/video\/#breadcrumb","itemListElement":[{"@type":"ListItem","position":1,"name":"Home","item":"https:\/\/www.mymediabox.com\/"},{"@type":"ListItem","position":2,"name":"MyMediabox is THE Industry Leader in IP Licensing Software"}]},{"@type":"WebSite","@id":"https:\/\/www.mymediabox.com\/#website","url":"https:\/\/www.mymediabox.com\/","name":"MyMediabox","description":"Soluciones en l\u00ednea para la aprobaci\u00f3n de productos, la garant\u00eda de marcas y la gesti\u00f3n de activos digitales","publisher":{"@id":"https:\/\/www.mymediabox.com\/#organization"},"potentialAction":[{"@type":"SearchAction","target":{"@type":"EntryPoint","urlTemplate":"https:\/\/www.mymediabox.com\/?s={search_term_string}"},"query-input":{"@type":"PropertyValueSpecification","valueRequired":true,"valueName":"search_term_string"}}],"inLanguage":"es"},{"@type":"Organization","@id":"https:\/\/www.mymediabox.com\/#organization","name":"MyMediabox","url":"https:\/\/www.mymediabox.com\/","logo":{"@type":"ImageObject","inLanguage":"es","@id":"https:\/\/www.mymediabox.com\/#\/schema\/logo\/image\/","url":"https:\/\/www.mymediabox.com\/wp-content\/uploads\/2017\/03\/mymediabox_logo.png","contentUrl":"https:\/\/www.mymediabox.com\/wp-content\/uploads\/2017\/03\/mymediabox_logo.png","width":230,"height":75,"caption":"MyMediabox"},"image":{"@id":"https:\/\/www.mymediabox.com\/#\/schema\/logo\/image\/"},"sameAs":["http:\/\/www.facebook.com\/mymediabox?ref=sgm","https:\/\/x.com\/MyMediabox","http:\/\/www.linkedin.com\/company\/1847290?trk=tyah"]}]}},"_links":{"self":[{"href":"https:\/\/www.mymediabox.com\/es\/wp-json\/wp\/v2\/pages\/13252","targetHints":{"allow":["GET"]}}],"collection":[{"href":"https:\/\/www.mymediabox.com\/es\/wp-json\/wp\/v2\/pages"}],"about":[{"href":"https:\/\/www.mymediabox.com\/es\/wp-json\/wp\/v2\/types\/page"}],"author":[{"embeddable":true,"href":"https:\/\/www.mymediabox.com\/es\/wp-json\/wp\/v2\/users\/1"}],"replies":[{"embeddable":true,"href":"https:\/\/www.mymediabox.com\/es\/wp-json\/wp\/v2\/comments?post=13252"}],"version-history":[{"count":0,"href":"https:\/\/www.mymediabox.com\/es\/wp-json\/wp\/v2\/pages\/13252\/revisions"}],"wp:attachment":[{"href":"https:\/\/www.mymediabox.com\/es\/wp-json\/wp\/v2\/media?parent=13252"}],"curies":[{"name":"wp","href":"https:\/\/api.w.org\/{rel}","templated":true}]}}