{"id":15261,"date":"2018-04-06T17:50:15","date_gmt":"2018-04-06T17:50:15","guid":{"rendered":"https:\/\/mymediaboxstag.wpengine.com\/?page_id=15261"},"modified":"2025-06-05T21:27:50","modified_gmt":"2025-06-05T21:27:50","slug":"webinars","status":"publish","type":"page","link":"https:\/\/www.mymediabox.com\/es\/webinars\/","title":{"rendered":"Seminarios web de capacitaci\u00f3n para Mediabox-RM, Mediabox-PA y Mediabox-DAM"},"content":{"rendered":"<div class=\"fusion-fullwidth fullwidth-box fusion-builder-row-1 fusion-flex-container nonhundred-percent-fullwidth non-hundred-percent-height-scrolling\" style=\"--awb-border-radius-top-left:0px;--awb-border-radius-top-right:0px;--awb-border-radius-bottom-right:0px;--awb-border-radius-bottom-left:0px;\" ><div class=\"fusion-builder-row fusion-row fusion-flex-align-items-flex-start\" style=\"max-width:1144px;margin-left: calc(-4% \/ 2 );margin-right: calc(-4% \/ 2 );\"><div class=\"fusion-layout-column fusion_builder_column fusion-builder-column-0 fusion_builder_column_1_1 1_1 fusion-flex-column\" style=\"--awb-bg-size:cover;--awb-width-large:100%;--awb-margin-top-large:0px;--awb-spacing-right-large:1.92%;--awb-margin-bottom-large:0px;--awb-spacing-left-large:1.92%;--awb-width-medium:100%;--awb-spacing-right-medium:1.92%;--awb-spacing-left-medium:1.92%;--awb-width-small:100%;--awb-spacing-right-small:1.92%;--awb-spacing-left-small:1.92%;\"><div class=\"fusion-column-wrapper fusion-flex-justify-content-flex-start fusion-content-layout-column\"><div class=\"fusion-text fusion-text-1\"><h2 style=\"text-align: left;\">Nuestro objetivo en MyMediabox es hacer todo lo posible para agilizar el proceso de aprobaci\u00f3n del producto y facilitar sus d\u00edas de trabajo.<\/h2>\n<p><span style=\"font-weight: 400;\">El prop\u00f3sito de los seminarios web en vivo es asegurar que los usuarios primerizos de todas las funciones de Mediabox-PA, Mediabox-RM y Mediabox-DAM utilicen los sistemas a plena capacidad. Los seminarios web en vivo son moderados por un instructor experto que gu\u00eda a los participantes a trav\u00e9s de las lecciones y les permite hacer preguntas. Para los autodidactas, hay disponible una versi\u00f3n a pedido del seminario web en vivo (por favor, despl\u00e1cese hasta el final de esta p\u00e1gina). Tanto el seminario en vivo como el seminario a pedido est\u00e1n dise\u00f1ados para demostrar toda la funcionalidad disponible, incluyendo herramientas nuevas y avanzadas. <\/span><\/p>\n<\/div><div class=\"fusion-separator fusion-full-width-sep\" style=\"align-self: center;margin-left: auto;margin-right: auto;margin-top:20px;width:100%;\"><\/div><\/div><\/div><\/div><\/div><div class=\"fusion-fullwidth fullwidth-box fusion-builder-row-2 fusion-flex-container nonhundred-percent-fullwidth non-hundred-percent-height-scrolling\" style=\"--awb-border-radius-top-left:0px;--awb-border-radius-top-right:0px;--awb-border-radius-bottom-right:0px;--awb-border-radius-bottom-left:0px;\" ><div class=\"fusion-builder-row fusion-row fusion-flex-align-items-flex-start\" style=\"max-width:1144px;margin-left: calc(-4% \/ 2 );margin-right: calc(-4% \/ 2 );\"><div class=\"fusion-layout-column fusion_builder_column fusion-builder-column-1 fusion_builder_column_1_1 1_1 fusion-flex-column\" style=\"--awb-bg-size:cover;--awb-width-large:100%;--awb-margin-top-large:0px;--awb-spacing-right-large:1.92%;--awb-margin-bottom-large:20px;--awb-spacing-left-large:1.92%;--awb-width-medium:100%;--awb-spacing-right-medium:1.92%;--awb-spacing-left-medium:1.92%;--awb-width-small:100%;--awb-spacing-right-small:1.92%;--awb-spacing-left-small:1.92%;\"><div class=\"fusion-column-wrapper fusion-flex-justify-content-flex-start fusion-content-layout-column\"><div class=\"fusion-title title fusion-title-1 fusion-title-text fusion-title-size-three\"><div class=\"title-sep-container title-sep-container-left fusion-no-large-visibility fusion-no-medium-visibility fusion-no-small-visibility\"><div class=\"title-sep sep-double sep-solid\" style=\"border-color:#e0dede;\"><\/div><\/div><span class=\"awb-title-spacer fusion-no-large-visibility fusion-no-medium-visibility fusion-no-small-visibility\"><\/span><h3 class=\"title-heading-left fusion-responsive-typography-calculated\" style=\"margin:0;--fontSize:18;--minFontSize:18;line-height:1.41;\">Programaci\u00f3n<\/h3><span class=\"awb-title-spacer\"><\/span><div class=\"title-sep-container title-sep-container-right\"><div class=\"title-sep sep-double sep-solid\" style=\"border-color:#e0dede;\"><\/div><\/div><\/div><div class=\"fusion-text fusion-text-2\"><p><em><a style=\"color: #747474; text-decoration: underline;\" href=\"#ondemand\">Si no puede asistir a uno de los seminarios web programados, por favor, despl\u00e1cese hacia abajo para localizar la opci\u00f3n de \"a la carta\".<\/a><\/em><\/p>\n<p><strong style=\"color: #000000;\"><span style=\"color: #800000;\">IMPORTANTE:<\/span> LAS HORAS CITADAS A CONTINUACI\u00d3N EST\u00c1N DENTRO DE LA ZONA HORARIA DEL ESTE DE EE.UU.<\/strong><br \/>\n<strong style=\"color: #800000;\">Por favor, convierta las horas indicadas en su zona horaria local.<\/strong><\/p>\n<\/div><div class=\"fusion-text fusion-text-3\" style=\"--awb-text-transform:none;\"><p>\n<\/p>\n<\/div><input type=\"hidden\" id=\"sf_00N3c000007wGdh\" class=\"w2linput hidden\" name=\"00N3c000007wGdh\" value=\"\"><\/div><\/div><\/div><\/div><div class=\"fusion-bg-parallax\" data-bg-align=\"center center\" data-direction=\"right\" data-mute=\"false\" data-opacity=\"100\" data-velocity=\"-0.1\" data-mobile-enabled=\"false\" data-break_parents=\"0\" data-bg-image=\"https:\/\/mymediaboxstag.wpengine.com\/wp-content\/uploads\/2018\/09\/color_bkg2.jpg\" data-bg-repeat=\"false\" ><\/div><div class=\"fusion-fullwidth fullwidth-box fusion-builder-row-3 fusion-flex-container fusion-parallax-right hundred-percent-fullwidth non-hundred-percent-height-scrolling\" style=\"--awb-border-radius-top-left:0px;--awb-border-radius-top-right:0px;--awb-border-radius-bottom-right:0px;--awb-border-radius-bottom-left:0px;--awb-padding-top:40px;--awb-padding-bottom:40px;--awb-background-image:url(&quot;https:\/\/mymediaboxstag.wpengine.com\/wp-content\/uploads\/2018\/09\/color_bkg2.jpg&quot;);--awb-background-size:cover;\" ><div class=\"fusion-builder-row fusion-row fusion-flex-align-items-flex-start\" style=\"width:104% !important;max-width:104% !important;margin-left: calc(-4% \/ 2 );margin-right: calc(-4% \/ 2 );\"><div class=\"fusion-layout-column fusion_builder_column fusion-builder-column-2 fusion_builder_column_1_1 1_1 fusion-flex-column\" style=\"--awb-bg-size:cover;--awb-width-large:100%;--awb-margin-top-large:4%;--awb-spacing-right-large:1.92%;--awb-margin-bottom-large:20px;--awb-spacing-left-large:1.92%;--awb-width-medium:100%;--awb-spacing-right-medium:1.92%;--awb-spacing-left-medium:1.92%;--awb-width-small:100%;--awb-spacing-right-small:1.92%;--awb-spacing-left-small:1.92%;\"><div class=\"fusion-column-wrapper fusion-column-has-shadow fusion-flex-justify-content-flex-start fusion-content-layout-column\"><div class=\"fusion-text fusion-text-4\"><p><a name=\"ondemand\"><\/a><\/p>\n<h2 style=\"text-align: center; --fontSize: 34; line-height: 1.45;\">\u00bfNo puede hacer el programa anterior?<\/h2>\n<h3 style=\"text-align: center; --fontSize: 18; line-height: 1.41; --minFontSize: 18;\" data-fontsize=\"18\" data-lineheight=\"25.38px\" class=\"fusion-responsive-typography-calculated\"><span style=\"font-weight: 400;\">Ofrecemos seminarios web a petici\u00f3n de los licenciatarios, para que pueda asistir a un seminario web a la hora que mejor se adapte a su horario. Seleccione su webinar a continuaci\u00f3n y utilice su acceso a mediabox para ver el webinar.<\/span><\/h3>\n<\/div><div style=\"text-align:center;\"><a class=\"fusion-button button-flat fusion-button-default-size button-custom fusion-button-default button-1 fusion-button-default-span fusion-button-default-type fusion-has-button-gradient\" style=\"--button_accent_color:#ffffff;--button_accent_hover_color:#ffffff;--button_border_hover_color:#ffffff;--button_gradient_top_color:#708dad;--button_gradient_bottom_color:#456d96;--button_gradient_top_color_hover:#5683ff;--button_gradient_bottom_color_hover:#5683ff;--button_text_transform:uppercase;\" target=\"_blank\" rel=\"noopener noreferrer\" href=\"https:\/\/online-training.mymediabox.com\/app\/dam\/user\/site\/index\/8e9f5aa2-f17c-47f7-a2d1-aecf36b803c8\"><span class=\"fusion-button-text\">Webinar del licenciatario de DAM<\/span><\/a><\/div><br\/><div style=\"text-align:center;\"><a class=\"fusion-button button-flat fusion-button-default-size button-default fusion-button-default button-2 fusion-button-default-span fusion-button-default-type\" style=\"--button_text_transform:uppercase;\" target=\"_blank\" rel=\"noopener noreferrer\" href=\"https:\/\/www.gotostage.com\/channel\/515aa5dbfe414e30aa1cf8831eb638ed\/recording\/2d421b01a2414627ab25a8551dc54a8a\/watch\"><span class=\"fusion-button-text\">Webinar del licenciatario de PA <\/span><\/a><\/div><br\/><div style=\"text-align:center;\"><a class=\"fusion-button button-flat fusion-button-default-size button-custom fusion-button-default button-3 fusion-button-default-span fusion-button-default-type fusion-has-button-gradient\" style=\"--button_accent_color:#ffffff;--button_accent_hover_color:#ffffff;--button_border_hover_color:#ffffff;--button_gradient_top_color:#f9a361;--button_gradient_bottom_color:#f58026;--button_gradient_top_color_hover:#f58026;--button_gradient_bottom_color_hover:#f9a361;--button_text_transform:uppercase;\" target=\"_blank\" rel=\"noopener noreferrer\" href=\"https:\/\/www.gotostage.com\/channel\/515aa5dbfe414e30aa1cf8831eb638ed\/recording\/060cf8ea4ee544ab9c2fdbebd8564aa9\/watch\"><span class=\"fusion-button-text\">Webinar del licenciatario de RM <\/span><\/a><\/div><\/div><\/div><\/div><\/div>","protected":false},"excerpt":{"rendered":"","protected":false},"author":1,"featured_media":0,"parent":0,"menu_order":0,"comment_status":"closed","ping_status":"closed","template":"100-width.php","meta":{"footnotes":""},"class_list":["post-15261","page","type-page","status-publish","hentry"],"yoast_head":"<!-- This site is optimized with the Yoast SEO plugin v27.5 - https:\/\/yoast.com\/product\/yoast-seo-wordpress\/ -->\n<title>Training Webinars for Mediabox-RM, Mediabox-PA and Mediabox-DAM &#8211; MyMediabox<\/title>\n<meta name=\"description\" content=\"The purpose of these webinars is to ensure that users in all roles use the Mediabox-PA and Mediabox-DAM systems to their fullest capacity.\" \/>\n<meta name=\"robots\" content=\"index, follow, max-snippet:-1, max-image-preview:large, max-video-preview:-1\" \/>\n<link rel=\"canonical\" href=\"https:\/\/www.mymediabox.com\/es\/webinars\/\" \/>\n<meta property=\"og:locale\" content=\"es_ES\" \/>\n<meta property=\"og:type\" content=\"article\" \/>\n<meta property=\"og:title\" content=\"Training Webinars for Mediabox-RM, Mediabox-PA and Mediabox-DAM &#8211; MyMediabox\" \/>\n<meta property=\"og:description\" content=\"The purpose of these webinars is to ensure that users in all roles use the Mediabox-PA and Mediabox-DAM systems to their fullest capacity.\" \/>\n<meta property=\"og:url\" content=\"https:\/\/www.mymediabox.com\/es\/webinars\/\" \/>\n<meta property=\"og:site_name\" content=\"MyMediabox\" \/>\n<meta property=\"article:publisher\" content=\"http:\/\/www.facebook.com\/mymediabox?ref=sgm\" \/>\n<meta property=\"article:modified_time\" content=\"2025-06-05T21:27:50+00:00\" \/>\n<meta name=\"twitter:card\" content=\"summary_large_image\" \/>\n<meta name=\"twitter:site\" content=\"@MyMediabox\" \/>\n<meta name=\"twitter:label1\" content=\"Tiempo de lectura\" \/>\n\t<meta name=\"twitter:data1\" content=\"3 minutos\" \/>\n<script type=\"application\/ld+json\" class=\"yoast-schema-graph\">{\"@context\":\"https:\\\/\\\/schema.org\",\"@graph\":[{\"@type\":\"WebPage\",\"@id\":\"https:\\\/\\\/www.mymediabox.com\\\/webinars\\\/\",\"url\":\"https:\\\/\\\/www.mymediabox.com\\\/webinars\\\/\",\"name\":\"Training Webinars for Mediabox-RM, Mediabox-PA and Mediabox-DAM &#8211; MyMediabox\",\"isPartOf\":{\"@id\":\"https:\\\/\\\/www.mymediabox.com\\\/#website\"},\"datePublished\":\"2018-04-06T17:50:15+00:00\",\"dateModified\":\"2025-06-05T21:27:50+00:00\",\"description\":\"The purpose of these webinars is to ensure that users in all roles use the Mediabox-PA and Mediabox-DAM systems to their fullest capacity.\",\"breadcrumb\":{\"@id\":\"https:\\\/\\\/www.mymediabox.com\\\/webinars\\\/#breadcrumb\"},\"inLanguage\":\"es\",\"potentialAction\":[{\"@type\":\"ReadAction\",\"target\":[\"https:\\\/\\\/www.mymediabox.com\\\/webinars\\\/\"]}]},{\"@type\":\"BreadcrumbList\",\"@id\":\"https:\\\/\\\/www.mymediabox.com\\\/webinars\\\/#breadcrumb\",\"itemListElement\":[{\"@type\":\"ListItem\",\"position\":1,\"name\":\"Home\",\"item\":\"https:\\\/\\\/www.mymediabox.com\\\/\"},{\"@type\":\"ListItem\",\"position\":2,\"name\":\"Training Webinars for Mediabox-RM, Mediabox-PA and Mediabox-DAM\"}]},{\"@type\":\"WebSite\",\"@id\":\"https:\\\/\\\/www.mymediabox.com\\\/#website\",\"url\":\"https:\\\/\\\/www.mymediabox.com\\\/\",\"name\":\"MyMediabox\",\"description\":\"Online Solutions for Product Approvals, Brand Assurance and Digital Asset Management\",\"publisher\":{\"@id\":\"https:\\\/\\\/www.mymediabox.com\\\/#organization\"},\"potentialAction\":[{\"@type\":\"SearchAction\",\"target\":{\"@type\":\"EntryPoint\",\"urlTemplate\":\"https:\\\/\\\/www.mymediabox.com\\\/?s={search_term_string}\"},\"query-input\":{\"@type\":\"PropertyValueSpecification\",\"valueRequired\":true,\"valueName\":\"search_term_string\"}}],\"inLanguage\":\"es\"},{\"@type\":\"Organization\",\"@id\":\"https:\\\/\\\/www.mymediabox.com\\\/#organization\",\"name\":\"MyMediabox\",\"url\":\"https:\\\/\\\/www.mymediabox.com\\\/\",\"logo\":{\"@type\":\"ImageObject\",\"inLanguage\":\"es\",\"@id\":\"https:\\\/\\\/www.mymediabox.com\\\/#\\\/schema\\\/logo\\\/image\\\/\",\"url\":\"https:\\\/\\\/www.mymediabox.com\\\/wp-content\\\/uploads\\\/2017\\\/03\\\/mymediabox_logo.png\",\"contentUrl\":\"https:\\\/\\\/www.mymediabox.com\\\/wp-content\\\/uploads\\\/2017\\\/03\\\/mymediabox_logo.png\",\"width\":230,\"height\":75,\"caption\":\"MyMediabox\"},\"image\":{\"@id\":\"https:\\\/\\\/www.mymediabox.com\\\/#\\\/schema\\\/logo\\\/image\\\/\"},\"sameAs\":[\"http:\\\/\\\/www.facebook.com\\\/mymediabox?ref=sgm\",\"https:\\\/\\\/x.com\\\/MyMediabox\",\"http:\\\/\\\/www.linkedin.com\\\/company\\\/1847290?trk=tyah\"]}]}<\/script>\n<!-- \/ Yoast SEO plugin. -->","yoast_head_json":{"title":"Training Webinars for Mediabox-RM, Mediabox-PA and Mediabox-DAM &#8211; MyMediabox","description":"The purpose of these webinars is to ensure that users in all roles use the Mediabox-PA and Mediabox-DAM systems to their fullest capacity.","robots":{"index":"index","follow":"follow","max-snippet":"max-snippet:-1","max-image-preview":"max-image-preview:large","max-video-preview":"max-video-preview:-1"},"canonical":"https:\/\/www.mymediabox.com\/es\/webinars\/","og_locale":"es_ES","og_type":"article","og_title":"Training Webinars for Mediabox-RM, Mediabox-PA and Mediabox-DAM &#8211; MyMediabox","og_description":"The purpose of these webinars is to ensure that users in all roles use the Mediabox-PA and Mediabox-DAM systems to their fullest capacity.","og_url":"https:\/\/www.mymediabox.com\/es\/webinars\/","og_site_name":"MyMediabox","article_publisher":"http:\/\/www.facebook.com\/mymediabox?ref=sgm","article_modified_time":"2025-06-05T21:27:50+00:00","twitter_card":"summary_large_image","twitter_site":"@MyMediabox","twitter_misc":{"Tiempo de lectura":"3 minutos"},"schema":{"@context":"https:\/\/schema.org","@graph":[{"@type":"WebPage","@id":"https:\/\/www.mymediabox.com\/webinars\/","url":"https:\/\/www.mymediabox.com\/webinars\/","name":"Training Webinars for Mediabox-RM, Mediabox-PA and Mediabox-DAM &#8211; MyMediabox","isPartOf":{"@id":"https:\/\/www.mymediabox.com\/#website"},"datePublished":"2018-04-06T17:50:15+00:00","dateModified":"2025-06-05T21:27:50+00:00","description":"The purpose of these webinars is to ensure that users in all roles use the Mediabox-PA and Mediabox-DAM systems to their fullest capacity.","breadcrumb":{"@id":"https:\/\/www.mymediabox.com\/webinars\/#breadcrumb"},"inLanguage":"es","potentialAction":[{"@type":"ReadAction","target":["https:\/\/www.mymediabox.com\/webinars\/"]}]},{"@type":"BreadcrumbList","@id":"https:\/\/www.mymediabox.com\/webinars\/#breadcrumb","itemListElement":[{"@type":"ListItem","position":1,"name":"Home","item":"https:\/\/www.mymediabox.com\/"},{"@type":"ListItem","position":2,"name":"Training Webinars for Mediabox-RM, Mediabox-PA and Mediabox-DAM"}]},{"@type":"WebSite","@id":"https:\/\/www.mymediabox.com\/#website","url":"https:\/\/www.mymediabox.com\/","name":"MyMediabox","description":"Soluciones en l\u00ednea para la aprobaci\u00f3n de productos, la garant\u00eda de marcas y la gesti\u00f3n de activos digitales","publisher":{"@id":"https:\/\/www.mymediabox.com\/#organization"},"potentialAction":[{"@type":"SearchAction","target":{"@type":"EntryPoint","urlTemplate":"https:\/\/www.mymediabox.com\/?s={search_term_string}"},"query-input":{"@type":"PropertyValueSpecification","valueRequired":true,"valueName":"search_term_string"}}],"inLanguage":"es"},{"@type":"Organization","@id":"https:\/\/www.mymediabox.com\/#organization","name":"MyMediabox","url":"https:\/\/www.mymediabox.com\/","logo":{"@type":"ImageObject","inLanguage":"es","@id":"https:\/\/www.mymediabox.com\/#\/schema\/logo\/image\/","url":"https:\/\/www.mymediabox.com\/wp-content\/uploads\/2017\/03\/mymediabox_logo.png","contentUrl":"https:\/\/www.mymediabox.com\/wp-content\/uploads\/2017\/03\/mymediabox_logo.png","width":230,"height":75,"caption":"MyMediabox"},"image":{"@id":"https:\/\/www.mymediabox.com\/#\/schema\/logo\/image\/"},"sameAs":["http:\/\/www.facebook.com\/mymediabox?ref=sgm","https:\/\/x.com\/MyMediabox","http:\/\/www.linkedin.com\/company\/1847290?trk=tyah"]}]}},"_links":{"self":[{"href":"https:\/\/www.mymediabox.com\/es\/wp-json\/wp\/v2\/pages\/15261","targetHints":{"allow":["GET"]}}],"collection":[{"href":"https:\/\/www.mymediabox.com\/es\/wp-json\/wp\/v2\/pages"}],"about":[{"href":"https:\/\/www.mymediabox.com\/es\/wp-json\/wp\/v2\/types\/page"}],"author":[{"embeddable":true,"href":"https:\/\/www.mymediabox.com\/es\/wp-json\/wp\/v2\/users\/1"}],"replies":[{"embeddable":true,"href":"https:\/\/www.mymediabox.com\/es\/wp-json\/wp\/v2\/comments?post=15261"}],"version-history":[{"count":0,"href":"https:\/\/www.mymediabox.com\/es\/wp-json\/wp\/v2\/pages\/15261\/revisions"}],"wp:attachment":[{"href":"https:\/\/www.mymediabox.com\/es\/wp-json\/wp\/v2\/media?parent=15261"}],"curies":[{"name":"wp","href":"https:\/\/api.w.org\/{rel}","templated":true}]}}