{"id":17972,"date":"2020-09-20T18:23:00","date_gmt":"2020-09-20T18:23:00","guid":{"rendered":"https:\/\/mymediaboxstag.wpengine.com\/?page_id=17972"},"modified":"2024-05-14T09:20:47","modified_gmt":"2024-05-14T09:20:47","slug":"case-studies","status":"publish","type":"page","link":"https:\/\/www.mymediabox.com\/es\/case-studies\/","title":{"rendered":"Estudios de casos"},"content":{"rendered":"<div class=\"fusion-fullwidth fullwidth-box fusion-builder-row-1 fusion-flex-container fusion-parallax-none hundred-percent-fullwidth non-hundred-percent-height-scrolling\" style=\"--awb-border-radius-top-left:0px;--awb-border-radius-top-right:0px;--awb-border-radius-bottom-right:0px;--awb-border-radius-bottom-left:0px;--awb-padding-top:0px;--awb-padding-right:0px;--awb-padding-bottom:0px;--awb-padding-left:0px;--awb-margin-top:0px;--awb-margin-bottom:60px;--awb-background-image:url(&quot;https:\/\/mymediaboxstag.wpengine.com\/wp-content\/uploads\/2020\/09\/hdrCaseStudy.png&quot;);--awb-background-size:cover;\" ><div class=\"fusion-builder-row fusion-row fusion-flex-align-items-flex-start\" style=\"width:104% !important;max-width:104% !important;margin-left: calc(-4% \/ 2 );margin-right: calc(-4% \/ 2 );\"><div class=\"fusion-layout-column fusion_builder_column fusion-builder-column-0 fusion_builder_column_1_1 1_1 fusion-flex-column\" style=\"--awb-padding-top:0px;--awb-padding-right:0px;--awb-padding-bottom:0px;--awb-padding-left:0px;--awb-bg-size:cover;--awb-width-large:100%;--awb-margin-top-large:0px;--awb-spacing-right-large:1.92%;--awb-margin-bottom-large:40px;--awb-spacing-left-large:1.92%;--awb-width-medium:100%;--awb-order-medium:0;--awb-spacing-right-medium:1.92%;--awb-spacing-left-medium:1.92%;--awb-width-small:100%;--awb-order-small:0;--awb-spacing-right-small:1.92%;--awb-spacing-left-small:1.92%;\"><div class=\"fusion-column-wrapper fusion-column-has-shadow fusion-flex-justify-content-flex-start fusion-content-layout-column\"><div class=\"fusion-separator fusion-no-small-visibility fusion-no-medium-visibility fusion-full-width-sep\" style=\"align-self: center;margin-left: auto;margin-right: auto;margin-top:150px;margin-bottom:150px;width:100%;\"><\/div><div class=\"fusion-separator fusion-no-small-visibility fusion-no-large-visibility fusion-full-width-sep\" style=\"align-self: center;margin-left: auto;margin-right: auto;margin-top:125px;margin-bottom:125px;width:100%;\"><\/div><div class=\"fusion-separator fusion-no-medium-visibility fusion-no-large-visibility fusion-full-width-sep\" style=\"align-self: center;margin-left: auto;margin-right: auto;margin-top:60px;margin-bottom:55px;width:100%;\"><\/div><\/div><\/div><\/div><\/div><div class=\"fusion-fullwidth fullwidth-box fusion-builder-row-2 fusion-flex-container nonhundred-percent-fullwidth non-hundred-percent-height-scrolling\" style=\"--awb-border-radius-top-left:0px;--awb-border-radius-top-right:0px;--awb-border-radius-bottom-right:0px;--awb-border-radius-bottom-left:0px;--awb-margin-top:60px;\" ><div class=\"fusion-builder-row fusion-row fusion-flex-align-items-stretch fusion-flex-justify-content-space-evenly\" style=\"max-width:1144px;margin-left: calc(-4% \/ 2 );margin-right: calc(-4% \/ 2 );\"><div class=\"fusion-layout-column fusion_builder_column fusion-builder-column-1 fusion_builder_column_1_1 1_1 fusion-flex-column\" style=\"--awb-bg-size:cover;--awb-width-large:100%;--awb-margin-top-large:0px;--awb-spacing-right-large:1.92%;--awb-margin-bottom-large:20px;--awb-spacing-left-large:1.92%;--awb-width-medium:100%;--awb-order-medium:0;--awb-spacing-right-medium:1.92%;--awb-spacing-left-medium:1.92%;--awb-width-small:100%;--awb-order-small:0;--awb-spacing-right-small:1.92%;--awb-spacing-left-small:1.92%;\"><div class=\"fusion-column-wrapper fusion-column-has-shadow fusion-flex-justify-content-space-evenly fusion-content-layout-column\"><div class=\"fusion-flip-boxes flip-boxes row fusion-columns-3 flip-effect-classic equal-heights csFlip\"><div class=\"fusion-flip-box-wrapper fusion-column col-lg-4 col-md-4 col-sm-4\"><div class=\"fusion-flip-box flip-right fusion-animated\" tabindex=\"0\" data-animationtype=\"fadeIn\" data-animationduration=\"0.3\" data-animationoffset=\"top-into-view\"><div class=\"flip-box-inner-wrapper\"><div class=\"flip-box-front\" style=\"--awb-border-size:0px;--awb-border-radius:0px;\"><div class=\"flip-box-front-inner\"><div class=\"flip-box-grafix flip-box-image\"><img decoding=\"async\" data-src=\"https:\/\/mymediaboxstag.wpengine.com\/wp-content\/uploads\/2020\/09\/cs_SonyLogo_color.png\" width=\"400\" height=\"150\" alt=\"\" src=\"data:image\/svg+xml;base64,PHN2ZyB3aWR0aD0iMSIgaGVpZ2h0PSIxIiB4bWxucz0iaHR0cDovL3d3dy53My5vcmcvMjAwMC9zdmciPjwvc3ZnPg==\" class=\"lazyload\" style=\"--smush-placeholder-width: 400px; --smush-placeholder-aspect-ratio: 400\/150;\" \/><\/div><h2 class=\"flip-box-heading without-text\">El gigante global Sony Music Entertainment recurre a la plataforma de gesti\u00f3n de licencias basada en la nube para la entrega de gu\u00edas de estilo y la aprobaci\u00f3n de productos<\/h2><\/div><\/div><div class=\"flip-box-back\" style=\"--awb-border-size:0px;--awb-border-radius:0px;--awb-background-color-back:#124e77;--awb-title-back-color:#ffffff;--awb-text-back-color:#ffffff;\"><div class=\"flip-box-back-inner\">\n<p><img decoding=\"async\" class=\"alignnone wp-image-18006 size-full lazyload\" style=\"--smush-placeholder-width: 400px; --smush-placeholder-aspect-ratio: 400\/220;padding-bottom: 1px;\" data-src=\"https:\/\/mymediaboxstag.wpengine.com\/wp-content\/uploads\/2020\/09\/cs_Sony.png\" alt=\"Sony Music Entertainment uses MyMediabox brand licensing software\" width=\"400\" height=\"220\" data-srcset=\"https:\/\/www.mymediabox.com\/wp-content\/uploads\/2020\/09\/cs_Sony-200x110.png 200w, https:\/\/www.mymediabox.com\/wp-content\/uploads\/2020\/09\/cs_Sony-300x165.png 300w, https:\/\/www.mymediabox.com\/wp-content\/uploads\/2020\/09\/cs_Sony.png 400w\" data-sizes=\"(max-width: 400px) 100vw, 400px\" src=\"data:image\/svg+xml;base64,PHN2ZyB3aWR0aD0iMSIgaGVpZ2h0PSIxIiB4bWxucz0iaHR0cDovL3d3dy53My5vcmcvMjAwMC9zdmciPjwvc3ZnPg==\" \/><\/p>\n<p style=\"text-align: left; padding: 0 20px;\">La divisi\u00f3n de comercializaci\u00f3n de m\u00fasica de la empresa utiliza Mediabox-DAM (gesti\u00f3n de activos digitales) y Mediabox-PA (flujo de trabajo de aprobaci\u00f3n de productos) para agilizar el desarrollo de productos con licencia para ecomm, el comercio minorista y el comercio de giras de su lista de artistas en r\u00e1pido crecimiento.<\/p>\n<div ><a class=\"fusion-button button-flat fusion-button-default-size button-default fusion-button-default button-1 fusion-button-default-span fusion-button-default-type\" style=\"--button_margin-bottom:15px;\" target=\"_self\" href=\"https:\/\/mymediaboxstag.wpengine.com\/case-studies\/global-giant-sony-music-entertainment\"><span class=\"fusion-button-text\">Ver estudio de caso<\/span><\/a><\/div><\/div><\/div><\/div><\/div><\/div><div class=\"fusion-flip-box-wrapper fusion-column col-lg-4 col-md-4 col-sm-4\"><div class=\"fusion-flip-box flip-right\" tabindex=\"0\"><div class=\"flip-box-inner-wrapper\"><div class=\"flip-box-front\"><div class=\"flip-box-front-inner\"><div class=\"flip-box-grafix flip-box-image\"><img decoding=\"async\" data-src=\"https:\/\/mymediaboxstag.wpengine.com\/wp-content\/uploads\/2022\/02\/cs_AnimaccordLogo.png\" width=\"400\" height=\"150\" alt=\"\" src=\"data:image\/svg+xml;base64,PHN2ZyB3aWR0aD0iMSIgaGVpZ2h0PSIxIiB4bWxucz0iaHR0cDovL3d3dy53My5vcmcvMjAwMC9zdmciPjwvc3ZnPg==\" class=\"lazyload\" style=\"--smush-placeholder-width: 400px; --smush-placeholder-aspect-ratio: 400\/150;\" \/><\/div><h2 class=\"flip-box-heading without-text\">Animaccord adopta el m\u00f3dulo financiero de Mediabox-RM e informa de su a\u00f1o m\u00e1s rentable.<\/h2><\/div><\/div><div class=\"flip-box-back\" style=\"--awb-background-color-back:#124e77;\"><div class=\"flip-box-back-inner\">\n<p><img decoding=\"async\" class=\"alignnone wp-image-18006 size-full lazyload\" style=\"--smush-placeholder-width: 400px; --smush-placeholder-aspect-ratio: 400\/220;padding-bottom: 1px;\" data-src=\"https:\/\/mymediaboxstag.wpengine.com\/wp-content\/uploads\/2022\/02\/cs_Animaccord.png\" alt=\"Animaccord Adopts Mediabox-RM Financial Module and Reports Its Most Profitable Year on Record.\" width=\"400\" height=\"220\" src=\"data:image\/svg+xml;base64,PHN2ZyB3aWR0aD0iMSIgaGVpZ2h0PSIxIiB4bWxucz0iaHR0cDovL3d3dy53My5vcmcvMjAwMC9zdmciPjwvc3ZnPg==\" \/><\/p>\n<p style=\"text-align: left; padding: 0 20px;\">La empresa recaud\u00f3 $100.000 en CMF pendientes en el primer a\u00f1o y redujo la morosidad de 10% a 4%.<\/p>\n<div ><a class=\"fusion-button button-flat fusion-button-default-size button-default fusion-button-default button-2 fusion-button-default-span fusion-button-default-type\" style=\"--button_margin-bottom:15px;\" target=\"_self\" href=\"https:\/\/mymediaboxstag.wpengine.com\/case-studies\/animaccord-masha-and-the-bear\/\"><span class=\"fusion-button-text\">Ver estudio de caso<\/span><\/a><\/div>\n<\/div><\/div><\/div><\/div><\/div><\/div><\/div><\/div><\/div><\/div><div class=\"fusion-fullwidth fullwidth-box fusion-builder-row-3 fusion-flex-container nonhundred-percent-fullwidth non-hundred-percent-height-scrolling\" style=\"--awb-border-sizes-top:2;--awb-border-sizes-bottom:2;--awb-border-sizes-left:2;--awb-border-sizes-right:2;--awb-border-color:#000000;--awb-border-radius-top-left:0px;--awb-border-radius-top-right:0px;--awb-border-radius-bottom-right:0px;--awb-border-radius-bottom-left:0px;--awb-padding-bottom:25px;--awb-margin-top:0px;--awb-margin-bottom:0px;\" ><div class=\"fusion-builder-row fusion-row fusion-flex-align-items-flex-start\" style=\"max-width:calc( 1100px + 0px );margin-left: calc(-0px \/ 2 );margin-right: calc(-0px \/ 2 );\"><div class=\"fusion-layout-column fusion_builder_column fusion-builder-column-2 fusion_builder_column_1_1 1_1 fusion-flex-column fusion-flex-align-self-flex-start fusion-column-no-min-height\" style=\"--awb-padding-bottom:20px;--awb-bg-size:cover;--awb-width-large:100%;--awb-margin-top-large:0px;--awb-spacing-right-large:0px;--awb-margin-bottom-large:0px;--awb-spacing-left-large:0px;--awb-width-medium:100%;--awb-order-medium:0;--awb-spacing-right-medium:0px;--awb-spacing-left-medium:0px;--awb-width-small:100%;--awb-order-small:0;--awb-spacing-right-small:0px;--awb-spacing-left-small:0px;\"><div class=\"fusion-column-wrapper fusion-column-has-shadow fusion-flex-justify-content-flex-start fusion-content-layout-column\"><div class=\"fusion-text fusion-text-1\"><h1 style=\"text-align: center;\"><span style=\"color: #333333;\">Pregunte por nuestras \u00faltimas actualizaciones.<\/span><\/h1>\n<\/div><div style=\"text-align:center;\"><a class=\"fusion-button button-flat button-xlarge button-custom fusion-button-default button-3 fusion-button-default-span fusion-animated\" style=\"--button_accent_color:#333333;--button_border_color:#333333;--button_accent_hover_color:#76a450;--button_border_hover_color:#76a450;--button_border_width-top:2px;--button_border_width-right:2px;--button_border_width-bottom:2px;--button_border_width-left:2px;--button-border-radius-top-left:2px;--button-border-radius-top-right:2px;--button-border-radius-bottom-right:2px;--button-border-radius-bottom-left:2px;--button_gradient_top_color:rgba(255,255,255,.1);--button_gradient_bottom_color:rgba(255,255,255,.1);--button_gradient_top_color_hover:rgba(255, 255, 255, 0.25);--button_gradient_bottom_color_hover:rgba(255, 255, 255, 0.25);\" data-animationtype=\"fadeInUp\" data-animationduration=\"1.0\" data-animationoffset=\"top-into-view\" target=\"_self\" href=\"\/es\/contact-us\/\"><span class=\"fusion-button-text\">Programe una demostraci\u00f3n<\/span><\/a><\/div><\/div><\/div><\/div><\/div>","protected":false},"excerpt":{"rendered":"","protected":false},"author":1,"featured_media":0,"parent":0,"menu_order":0,"comment_status":"closed","ping_status":"closed","template":"100-width.php","meta":{"footnotes":""},"class_list":["post-17972","page","type-page","status-publish","hentry"],"yoast_head":"<!-- This site is optimized with the Yoast SEO plugin v27.5 - https:\/\/yoast.com\/product\/yoast-seo-wordpress\/ -->\n<title>Case Studies &#8211; MyMediabox Powers the Top Brand Licensing Companies<\/title>\n<meta name=\"description\" content=\"Licensors and IP owners increase brand profitability by streamlining processes using MyMediabox licensing management software solutions.\" \/>\n<meta name=\"robots\" content=\"index, follow, max-snippet:-1, max-image-preview:large, max-video-preview:-1\" \/>\n<link rel=\"canonical\" href=\"https:\/\/www.mymediabox.com\/es\/case-studies\/\" \/>\n<meta property=\"og:locale\" content=\"es_ES\" \/>\n<meta property=\"og:type\" content=\"article\" \/>\n<meta property=\"og:title\" content=\"Case Studies &#8211; MyMediabox Powers the Top Brand Licensing Companies\" \/>\n<meta property=\"og:description\" content=\"Licensors and IP owners increase brand profitability by streamlining processes using MyMediabox licensing management software solutions.\" \/>\n<meta property=\"og:url\" content=\"https:\/\/www.mymediabox.com\/es\/case-studies\/\" \/>\n<meta property=\"og:site_name\" content=\"MyMediabox\" \/>\n<meta property=\"article:publisher\" content=\"http:\/\/www.facebook.com\/mymediabox?ref=sgm\" \/>\n<meta property=\"article:modified_time\" content=\"2024-05-14T09:20:47+00:00\" \/>\n<meta property=\"og:image\" content=\"https:\/\/mymediaboxstag.wpengine.com\/wp-content\/uploads\/2020\/09\/cs_Sony.png\" \/>\n<meta name=\"twitter:card\" content=\"summary_large_image\" \/>\n<meta name=\"twitter:site\" content=\"@MyMediabox\" \/>\n<meta name=\"twitter:label1\" content=\"Tiempo de lectura\" \/>\n\t<meta name=\"twitter:data1\" content=\"4 minutos\" \/>\n<script type=\"application\/ld+json\" class=\"yoast-schema-graph\">{\"@context\":\"https:\\\/\\\/schema.org\",\"@graph\":[{\"@type\":\"WebPage\",\"@id\":\"https:\\\/\\\/www.mymediabox.com\\\/case-studies\\\/\",\"url\":\"https:\\\/\\\/www.mymediabox.com\\\/case-studies\\\/\",\"name\":\"Case Studies &#8211; MyMediabox Powers the Top Brand Licensing Companies\",\"isPartOf\":{\"@id\":\"https:\\\/\\\/www.mymediabox.com\\\/#website\"},\"primaryImageOfPage\":{\"@id\":\"https:\\\/\\\/www.mymediabox.com\\\/case-studies\\\/#primaryimage\"},\"image\":{\"@id\":\"https:\\\/\\\/www.mymediabox.com\\\/case-studies\\\/#primaryimage\"},\"thumbnailUrl\":\"https:\\\/\\\/mymediaboxstag.wpengine.com\\\/wp-content\\\/uploads\\\/2020\\\/09\\\/cs_Sony.png\",\"datePublished\":\"2020-09-20T18:23:00+00:00\",\"dateModified\":\"2024-05-14T09:20:47+00:00\",\"description\":\"Licensors and IP owners increase brand profitability by streamlining processes using MyMediabox licensing management software solutions.\",\"breadcrumb\":{\"@id\":\"https:\\\/\\\/www.mymediabox.com\\\/case-studies\\\/#breadcrumb\"},\"inLanguage\":\"es\",\"potentialAction\":[{\"@type\":\"ReadAction\",\"target\":[\"https:\\\/\\\/www.mymediabox.com\\\/case-studies\\\/\"]}]},{\"@type\":\"ImageObject\",\"inLanguage\":\"es\",\"@id\":\"https:\\\/\\\/www.mymediabox.com\\\/case-studies\\\/#primaryimage\",\"url\":\"https:\\\/\\\/mymediaboxstag.wpengine.com\\\/wp-content\\\/uploads\\\/2020\\\/09\\\/cs_Sony.png\",\"contentUrl\":\"https:\\\/\\\/mymediaboxstag.wpengine.com\\\/wp-content\\\/uploads\\\/2020\\\/09\\\/cs_Sony.png\"},{\"@type\":\"BreadcrumbList\",\"@id\":\"https:\\\/\\\/www.mymediabox.com\\\/case-studies\\\/#breadcrumb\",\"itemListElement\":[{\"@type\":\"ListItem\",\"position\":1,\"name\":\"Home\",\"item\":\"https:\\\/\\\/www.mymediabox.com\\\/\"},{\"@type\":\"ListItem\",\"position\":2,\"name\":\"Case Studies\"}]},{\"@type\":\"WebSite\",\"@id\":\"https:\\\/\\\/www.mymediabox.com\\\/#website\",\"url\":\"https:\\\/\\\/www.mymediabox.com\\\/\",\"name\":\"MyMediabox\",\"description\":\"Online Solutions for Product Approvals, Brand Assurance and Digital Asset Management\",\"publisher\":{\"@id\":\"https:\\\/\\\/www.mymediabox.com\\\/#organization\"},\"potentialAction\":[{\"@type\":\"SearchAction\",\"target\":{\"@type\":\"EntryPoint\",\"urlTemplate\":\"https:\\\/\\\/www.mymediabox.com\\\/?s={search_term_string}\"},\"query-input\":{\"@type\":\"PropertyValueSpecification\",\"valueRequired\":true,\"valueName\":\"search_term_string\"}}],\"inLanguage\":\"es\"},{\"@type\":\"Organization\",\"@id\":\"https:\\\/\\\/www.mymediabox.com\\\/#organization\",\"name\":\"MyMediabox\",\"url\":\"https:\\\/\\\/www.mymediabox.com\\\/\",\"logo\":{\"@type\":\"ImageObject\",\"inLanguage\":\"es\",\"@id\":\"https:\\\/\\\/www.mymediabox.com\\\/#\\\/schema\\\/logo\\\/image\\\/\",\"url\":\"https:\\\/\\\/www.mymediabox.com\\\/wp-content\\\/uploads\\\/2017\\\/03\\\/mymediabox_logo.png\",\"contentUrl\":\"https:\\\/\\\/www.mymediabox.com\\\/wp-content\\\/uploads\\\/2017\\\/03\\\/mymediabox_logo.png\",\"width\":230,\"height\":75,\"caption\":\"MyMediabox\"},\"image\":{\"@id\":\"https:\\\/\\\/www.mymediabox.com\\\/#\\\/schema\\\/logo\\\/image\\\/\"},\"sameAs\":[\"http:\\\/\\\/www.facebook.com\\\/mymediabox?ref=sgm\",\"https:\\\/\\\/x.com\\\/MyMediabox\",\"http:\\\/\\\/www.linkedin.com\\\/company\\\/1847290?trk=tyah\"]}]}<\/script>\n<!-- \/ Yoast SEO plugin. -->","yoast_head_json":{"title":"Case Studies &#8211; MyMediabox Powers the Top Brand Licensing Companies","description":"Licensors and IP owners increase brand profitability by streamlining processes using MyMediabox licensing management software solutions.","robots":{"index":"index","follow":"follow","max-snippet":"max-snippet:-1","max-image-preview":"max-image-preview:large","max-video-preview":"max-video-preview:-1"},"canonical":"https:\/\/www.mymediabox.com\/es\/case-studies\/","og_locale":"es_ES","og_type":"article","og_title":"Case Studies &#8211; MyMediabox Powers the Top Brand Licensing Companies","og_description":"Licensors and IP owners increase brand profitability by streamlining processes using MyMediabox licensing management software solutions.","og_url":"https:\/\/www.mymediabox.com\/es\/case-studies\/","og_site_name":"MyMediabox","article_publisher":"http:\/\/www.facebook.com\/mymediabox?ref=sgm","article_modified_time":"2024-05-14T09:20:47+00:00","og_image":[{"url":"https:\/\/mymediaboxstag.wpengine.com\/wp-content\/uploads\/2020\/09\/cs_Sony.png","type":"","width":"","height":""}],"twitter_card":"summary_large_image","twitter_site":"@MyMediabox","twitter_misc":{"Tiempo de lectura":"4 minutos"},"schema":{"@context":"https:\/\/schema.org","@graph":[{"@type":"WebPage","@id":"https:\/\/www.mymediabox.com\/case-studies\/","url":"https:\/\/www.mymediabox.com\/case-studies\/","name":"Case Studies &#8211; MyMediabox Powers the Top Brand Licensing Companies","isPartOf":{"@id":"https:\/\/www.mymediabox.com\/#website"},"primaryImageOfPage":{"@id":"https:\/\/www.mymediabox.com\/case-studies\/#primaryimage"},"image":{"@id":"https:\/\/www.mymediabox.com\/case-studies\/#primaryimage"},"thumbnailUrl":"https:\/\/mymediaboxstag.wpengine.com\/wp-content\/uploads\/2020\/09\/cs_Sony.png","datePublished":"2020-09-20T18:23:00+00:00","dateModified":"2024-05-14T09:20:47+00:00","description":"Licensors and IP owners increase brand profitability by streamlining processes using MyMediabox licensing management software solutions.","breadcrumb":{"@id":"https:\/\/www.mymediabox.com\/case-studies\/#breadcrumb"},"inLanguage":"es","potentialAction":[{"@type":"ReadAction","target":["https:\/\/www.mymediabox.com\/case-studies\/"]}]},{"@type":"ImageObject","inLanguage":"es","@id":"https:\/\/www.mymediabox.com\/case-studies\/#primaryimage","url":"https:\/\/mymediaboxstag.wpengine.com\/wp-content\/uploads\/2020\/09\/cs_Sony.png","contentUrl":"https:\/\/mymediaboxstag.wpengine.com\/wp-content\/uploads\/2020\/09\/cs_Sony.png"},{"@type":"BreadcrumbList","@id":"https:\/\/www.mymediabox.com\/case-studies\/#breadcrumb","itemListElement":[{"@type":"ListItem","position":1,"name":"Home","item":"https:\/\/www.mymediabox.com\/"},{"@type":"ListItem","position":2,"name":"Case Studies"}]},{"@type":"WebSite","@id":"https:\/\/www.mymediabox.com\/#website","url":"https:\/\/www.mymediabox.com\/","name":"MyMediabox","description":"Soluciones en l\u00ednea para la aprobaci\u00f3n de productos, la garant\u00eda de marcas y la gesti\u00f3n de activos digitales","publisher":{"@id":"https:\/\/www.mymediabox.com\/#organization"},"potentialAction":[{"@type":"SearchAction","target":{"@type":"EntryPoint","urlTemplate":"https:\/\/www.mymediabox.com\/?s={search_term_string}"},"query-input":{"@type":"PropertyValueSpecification","valueRequired":true,"valueName":"search_term_string"}}],"inLanguage":"es"},{"@type":"Organization","@id":"https:\/\/www.mymediabox.com\/#organization","name":"MyMediabox","url":"https:\/\/www.mymediabox.com\/","logo":{"@type":"ImageObject","inLanguage":"es","@id":"https:\/\/www.mymediabox.com\/#\/schema\/logo\/image\/","url":"https:\/\/www.mymediabox.com\/wp-content\/uploads\/2017\/03\/mymediabox_logo.png","contentUrl":"https:\/\/www.mymediabox.com\/wp-content\/uploads\/2017\/03\/mymediabox_logo.png","width":230,"height":75,"caption":"MyMediabox"},"image":{"@id":"https:\/\/www.mymediabox.com\/#\/schema\/logo\/image\/"},"sameAs":["http:\/\/www.facebook.com\/mymediabox?ref=sgm","https:\/\/x.com\/MyMediabox","http:\/\/www.linkedin.com\/company\/1847290?trk=tyah"]}]}},"_links":{"self":[{"href":"https:\/\/www.mymediabox.com\/es\/wp-json\/wp\/v2\/pages\/17972","targetHints":{"allow":["GET"]}}],"collection":[{"href":"https:\/\/www.mymediabox.com\/es\/wp-json\/wp\/v2\/pages"}],"about":[{"href":"https:\/\/www.mymediabox.com\/es\/wp-json\/wp\/v2\/types\/page"}],"author":[{"embeddable":true,"href":"https:\/\/www.mymediabox.com\/es\/wp-json\/wp\/v2\/users\/1"}],"replies":[{"embeddable":true,"href":"https:\/\/www.mymediabox.com\/es\/wp-json\/wp\/v2\/comments?post=17972"}],"version-history":[{"count":0,"href":"https:\/\/www.mymediabox.com\/es\/wp-json\/wp\/v2\/pages\/17972\/revisions"}],"wp:attachment":[{"href":"https:\/\/www.mymediabox.com\/es\/wp-json\/wp\/v2\/media?parent=17972"}],"curies":[{"name":"wp","href":"https:\/\/api.w.org\/{rel}","templated":true}]}}